{"id":1312,"date":"2018-03-16T14:44:14","date_gmt":"2018-03-16T19:44:14","guid":{"rendered":"https:\/\/ambiente.mupa.gob.pa\/basuracero\/?page_id=1312"},"modified":"2019-06-07T14:47:38","modified_gmt":"2019-06-07T19:47:38","slug":"educacion-formal","status":"publish","type":"page","link":"https:\/\/ambiente.mupa.gob.pa\/basuracero\/iniciativas-y-proyectos\/educacion-formal\/","title":{"rendered":"Educaci\u00f3n formal"},"content":{"rendered":"<div class=\"issuuembed\" style=\"width: 100%; height: 533px;\" data-configid=\"38379563\/70432771\"><\/div>\n<p><script type=\"text\/javascript\" src=\"\/\/e.issuu.com\/embed.js\" async=\"true\"><\/script><\/p>\n<div data-configid=\"38379563\/70433145\" style=\"width:100%; height:533px;\" class=\"issuuembed\"><\/div>\n<p><script type=\"text\/javascript\" src=\"\/\/e.issuu.com\/embed.js\" async=\"true\"><\/script><\/p>\n<figure id=\"attachment_1316\" aria-describedby=\"caption-attachment-1316\" style=\"width: 1032px\" class=\"wp-caption aligncenter\"><img loading=\"lazy\" decoding=\"async\" class=\"wp-image-1316 size-full\" src=\"https:\/\/ambiente.mupa.gob.pa\/basuracero\/wp-content\/uploads\/2018\/03\/WhatsApp-Image-2018-03-16-at-2.41.56-PM-1.jpeg\" alt=\"\" width=\"1032\" height=\"581\" srcset=\"https:\/\/ambiente.mupa.gob.pa\/basuracero\/wp-content\/uploads\/2018\/03\/WhatsApp-Image-2018-03-16-at-2.41.56-PM-1.jpeg 1032w, https:\/\/ambiente.mupa.gob.pa\/basuracero\/wp-content\/uploads\/2018\/03\/WhatsApp-Image-2018-03-16-at-2.41.56-PM-1-300x169.jpeg 300w, https:\/\/ambiente.mupa.gob.pa\/basuracero\/wp-content\/uploads\/2018\/03\/WhatsApp-Image-2018-03-16-at-2.41.56-PM-1-768x432.jpeg 768w, https:\/\/ambiente.mupa.gob.pa\/basuracero\/wp-content\/uploads\/2018\/03\/WhatsApp-Image-2018-03-16-at-2.41.56-PM-1-1024x576.jpeg 1024w, https:\/\/ambiente.mupa.gob.pa\/basuracero\/wp-content\/uploads\/2018\/03\/WhatsApp-Image-2018-03-16-at-2.41.56-PM-1-750x422.jpeg 750w, https:\/\/ambiente.mupa.gob.pa\/basuracero\/wp-content\/uploads\/2018\/03\/WhatsApp-Image-2018-03-16-at-2.41.56-PM-1-400x225.jpeg 400w, https:\/\/ambiente.mupa.gob.pa\/basuracero\/wp-content\/uploads\/2018\/03\/WhatsApp-Image-2018-03-16-at-2.41.56-PM-1-250x141.jpeg 250w, https:\/\/ambiente.mupa.gob.pa\/basuracero\/wp-content\/uploads\/2018\/03\/WhatsApp-Image-2018-03-16-at-2.41.56-PM-1-480x270.jpeg 480w\" sizes=\"auto, (max-width: 1032px) 100vw, 1032px\" \/><figcaption id=\"caption-attachment-1316\" class=\"wp-caption-text\">Capacitaci\u00f3n a profesores de la Escuela Tom\u00e1s Arias, Chilibre<\/figcaption><\/figure>\n<p>Uno de los objetivos del programa busca fortalecer y fomentar programas educativos ambientales enfocados a una correcta Gesti\u00f3n Integral de Residuos S\u00f3lidos en las entidades educativas.<\/p>\n<p>Es por ello que el Programa Basura Cero de la Alcald\u00eda de Panam\u00e1 ha unido esfuerzos con el Ministerio de Educaci\u00f3n y universidades que se encuentran en las \u00e1reas piloto, as\u00ed como con otras organizaciones que concentran su atenci\u00f3n y creen en la educaci\u00f3n ambiental de nuestro pa\u00eds.<\/p>\n<h3>Noticias Relacionadas<\/h3>\n<p>[trx_blogger style=\u00bbclassic_2&#8243; filters=\u00bbno\u00bb dir=\u00bbvertical\u00bb post_type=\u00bbpost\u00bb cat=\u00bb20&#8243; count=\u00bb3&#8243; offset=\u00bb0&#8243; orderby=\u00bbdate\u00bb order=\u00bbdesc\u00bb only=\u00bbno\u00bbscroll=\u00bbyes\u00bb controls=\u00bbno\u00bb rating=\u00bbno\u00bb info=\u00bbno\u00bb links=\u00bbyes\u00bb readmore=\u00bbLeer\u00bb descr=\u00bb0&#8243; width=\u00bb100%\u00bb height=\u00bb720&#8243;]<\/p>\n","protected":false},"excerpt":{"rendered":"<p>Uno de los objetivos del programa busca fortalecer y fomentar programas educativos ambientales enfocados a una correcta Gesti\u00f3n Integral de Residuos S\u00f3lidos en las entidades &hellip; <span class=\"ml-btn\"><a href=\"https:\/\/ambiente.mupa.gob.pa\/basuracero\/iniciativas-y-proyectos\/educacion-formal\/\" class=\"more-link\">Read More<\/a><\/span><\/p>\n","protected":false},"author":12,"featured_media":0,"parent":197,"menu_order":5,"comment_status":"closed","ping_status":"closed","template":"","meta":{"footnotes":""},"class_list":["post-1312","page","type-page","status-publish","hentry"],"_links":{"self":[{"href":"https:\/\/ambiente.mupa.gob.pa\/basuracero\/wp-json\/wp\/v2\/pages\/1312","targetHints":{"allow":["GET"]}}],"collection":[{"href":"https:\/\/ambiente.mupa.gob.pa\/basuracero\/wp-json\/wp\/v2\/pages"}],"about":[{"href":"https:\/\/ambiente.mupa.gob.pa\/basuracero\/wp-json\/wp\/v2\/types\/page"}],"author":[{"embeddable":true,"href":"https:\/\/ambiente.mupa.gob.pa\/basuracero\/wp-json\/wp\/v2\/users\/12"}],"replies":[{"embeddable":true,"href":"https:\/\/ambiente.mupa.gob.pa\/basuracero\/wp-json\/wp\/v2\/comments?post=1312"}],"version-history":[{"count":18,"href":"https:\/\/ambiente.mupa.gob.pa\/basuracero\/wp-json\/wp\/v2\/pages\/1312\/revisions"}],"predecessor-version":[{"id":3300,"href":"https:\/\/ambiente.mupa.gob.pa\/basuracero\/wp-json\/wp\/v2\/pages\/1312\/revisions\/3300"}],"up":[{"embeddable":true,"href":"https:\/\/ambiente.mupa.gob.pa\/basuracero\/wp-json\/wp\/v2\/pages\/197"}],"wp:attachment":[{"href":"https:\/\/ambiente.mupa.gob.pa\/basuracero\/wp-json\/wp\/v2\/media?parent=1312"}],"curies":[{"name":"wp","href":"https:\/\/api.w.org\/{rel}","templated":true}]}}