{"id":2106,"date":"2018-04-05T15:58:32","date_gmt":"2018-04-05T20:58:32","guid":{"rendered":"https:\/\/ambiente.mupa.gob.pa\/basuracero\/?page_id=2106"},"modified":"2020-04-18T13:02:17","modified_gmt":"2020-04-18T18:02:17","slug":"plan-piloto","status":"publish","type":"page","link":"https:\/\/ambiente.mupa.gob.pa\/basuracero\/iniciativas-y-proyectos\/plan-piloto\/","title":{"rendered":"Plan Piloto"},"content":{"rendered":"<p>El programa Basura Cero 2015-2035 incluye un plan piloto en los corregimientos de Betania, Chilibre y Tocumen, cuyo objetivo es fomentar la cultura de reducci\u00f3n, reutilizaci\u00f3n y reciclaje de residuos en los barrios. La implementaci\u00f3n y crecimiento del plan piloto ha sido posible por el esfuerzo de la alianza p\u00fablico privada en la que participan la Alcald\u00eda de Panam\u00e1, la Autoridad de Aseo Urbano y Domiciliario (AAUD), Cervecer\u00eda Nacional S.A, la Asociaci\u00f3n Nacional para la Conservaci\u00f3n de la Naturaleza (ANCON) quienes firmaron un acuerdo en marzo del 2015 bajo el nombre Basura Cero \u2013 Cambia Tu Barrio (<a href=\"https:\/\/www.basuracerocambiatubarrio.org\/\" target=\"_blank\" rel=\"noopener noreferrer\">www.basuracerocambiatubarrio.org<\/a>). A esta alianza se uni\u00f3 la empresa p\u00fablica Aeropuerto Internacional de Tocumen S.A (AITSA) a finales del 2017 para apoyar las acciones del plan piloto en Tocumen. Tambi\u00e9n participa como importante aliado la Autoridad del Canal de Panam\u00e1 en las \u00e1reas de la cuenca hidrogr\u00e1fica del Canal de Chilibre. Las juntas comunales de los corregimientos por su parte han sido clave en la implementaci\u00f3n del plan piloto, as\u00ed como el Ministerio de Educaci\u00f3n y las universidades.<\/p>\n<p>El plan bas\u00f3 su primera estrategia en la recolecci\u00f3n de reciclables directamente en las casas cercanas a Camino Real en Betania con el apoyo de la Asociaci\u00f3n Betania para todas las Edades y con la participaci\u00f3n de recicladores de base, sin embargo, por razones de costos, la estrategia tuvo que cambiar. En su lugar fueron siendo ubicadas estaciones de reciclaje en puntos estrat\u00e9gicos y mediante socios que compartieran responsabilidades por el cuidado y buen uso de las mismas. Fue as\u00ed que en el 2016 fue colocada la primera de ellas en el Parque de Santa Eduvigis, la cual result\u00f3 un \u00e9xito por la gran cantidad de usuarios que utilizan el punto desde su instalaci\u00f3n. Desde ese momento fue creciendo el n\u00famero de estaciones tanto en Betania como en Chilibre.<\/p>\n<p>Como parte imprescindible el plan incluye acciones de sensibilizaci\u00f3n puerta a puerta, ferias comunitarias, monitoreo y orientaci\u00f3n \u201cin situ\u201d en las estaciones de reciclaje por parte de promotores ambientales, y un plan de educaci\u00f3n ambiental para el buen manejo de los residuos dirigido a las escuelas.<\/p>\n<p>El material que incluye latas, envases pl\u00e1sticos 1 y 2, Tetrapak, papel, peri\u00f3dico y cart\u00f3n, es recolectado por la Alcald\u00eda de Panam\u00e1 en cada estaci\u00f3n y llevado a centros de acopio manejados por fundaciones tales como ANCON en Altos de Curundu y por REMAR en Chilibre sirviendo tambi\u00e9n para fines sociales. En ellas laboran personal de bajos recursos y recicladores de base.<\/p>\n<p>En conclusi\u00f3n, el \u00e9xito del plan piloto se fundamenta en las siguientes condiciones:<\/p>\n<p>&#8211;\u00a0\u00a0\u00a0\u00a0\u00a0\u00a0\u00a0\u00a0\u00a0\u00a0\u00a0\u00a0\u00a0 Ubicaci\u00f3n planificada y consultada de las estaciones de reciclaje con co-responsabilidad de organizaciones de la comunidad.<\/p>\n<p>&#8211;\u00a0\u00a0\u00a0\u00a0\u00a0\u00a0\u00a0\u00a0\u00a0\u00a0\u00a0\u00a0\u00a0 Orientaci\u00f3n en las estaciones de reciclaje.<\/p>\n<p>&#8211;\u00a0\u00a0\u00a0\u00a0\u00a0\u00a0\u00a0\u00a0\u00a0\u00a0\u00a0\u00a0\u00a0 Sensibilizaci\u00f3n puerta a puerta<\/p>\n<p>&#8211;\u00a0\u00a0\u00a0\u00a0\u00a0\u00a0\u00a0\u00a0\u00a0\u00a0\u00a0\u00a0\u00a0 Educaci\u00f3n en las escuelas<\/p>\n<p>&#8211;\u00a0\u00a0\u00a0\u00a0\u00a0\u00a0\u00a0\u00a0\u00a0\u00a0\u00a0\u00a0\u00a0 Recolecci\u00f3n oportuna de los materiales<\/p>\n<p>&#8211;\u00a0\u00a0\u00a0\u00a0\u00a0\u00a0\u00a0\u00a0\u00a0\u00a0\u00a0\u00a0\u00a0 Centros de acopio manejados por fundaciones que reciben los materiales y que tienen fines sociales<\/p>\n<p>&#8211;\u00a0\u00a0\u00a0\u00a0\u00a0\u00a0\u00a0\u00a0\u00a0\u00a0\u00a0\u00a0\u00a0 Aliados tanto del sector p\u00fablico como del sector privado.<\/p>\n<p>&#8211;\u00a0\u00a0\u00a0\u00a0\u00a0\u00a0\u00a0\u00a0\u00a0\u00a0\u00a0\u00a0\u00a0 Involucramiento de las juntas comunales.<\/p>\n<p>&#8211;\u00a0\u00a0\u00a0\u00a0\u00a0\u00a0\u00a0\u00a0\u00a0\u00a0\u00a0\u00a0\u00a0 Participaci\u00f3n entusiasta y consciente de los vecinos<\/p>\n<p>Otra de las grandes \u00e1reas de trabajo en el plan piloto es la capacitaci\u00f3n sobre c\u00f3mo hacer compostaje ya que la mitad de los residuos que genera cada persona son org\u00e1nicos, principalmente residuos de alimentos y de la poda. Un centro de compostaje piloto ha sido desarrollado por la Alcald\u00eda con conjunto con el Instituto Paname\u00f1o de Habilitaci\u00f3n Especial en su plantel de la Escuela Vocacional Especializada (EVE) ubicada en El Dorado. En el mismo se composta residuos de alimentos del Mercado de Abastos y de poda para producir abono org\u00e1nico y cultivos en el EVE y en donde los estudiantes participan y aprenden un oficio beneficioso para s\u00ed y para el pa\u00eds. Este centro sirve tambi\u00e9n como demostrativo para grupos comunitarios y escolares, as\u00ed como a empresas que lo visitan.<\/p>\n<p>&nbsp;<\/p>\n<p>\u00ab\u00bfQu\u00e9 y c\u00f3mo recibimos los materiales reciclables?\u00bb<\/p>\n<p><iframe loading=\"lazy\" width=\"560\" height=\"315\" src=\"https:\/\/www.youtube.com\/embed\/7fksZwoCnvg\" frameborder=\"0\" allow=\"accelerometer; autoplay; encrypted-media; gyroscope; picture-in-picture\" allowfullscreen><\/iframe><\/p>\n<p>&nbsp;<\/p>\n<p>&nbsp;<\/p>\n","protected":false},"excerpt":{"rendered":"<p>El programa Basura Cero 2015-2035 incluye un plan piloto en los corregimientos de Betania, Chilibre y Tocumen, cuyo objetivo es fomentar la cultura de reducci\u00f3n, &hellip; <span class=\"ml-btn\"><a href=\"https:\/\/ambiente.mupa.gob.pa\/basuracero\/iniciativas-y-proyectos\/plan-piloto\/\" class=\"more-link\">Read More<\/a><\/span><\/p>\n","protected":false},"author":12,"featured_media":0,"parent":197,"menu_order":0,"comment_status":"closed","ping_status":"closed","template":"","meta":{"footnotes":""},"class_list":["post-2106","page","type-page","status-publish","hentry"],"_links":{"self":[{"href":"https:\/\/ambiente.mupa.gob.pa\/basuracero\/wp-json\/wp\/v2\/pages\/2106","targetHints":{"allow":["GET"]}}],"collection":[{"href":"https:\/\/ambiente.mupa.gob.pa\/basuracero\/wp-json\/wp\/v2\/pages"}],"about":[{"href":"https:\/\/ambiente.mupa.gob.pa\/basuracero\/wp-json\/wp\/v2\/types\/page"}],"author":[{"embeddable":true,"href":"https:\/\/ambiente.mupa.gob.pa\/basuracero\/wp-json\/wp\/v2\/users\/12"}],"replies":[{"embeddable":true,"href":"https:\/\/ambiente.mupa.gob.pa\/basuracero\/wp-json\/wp\/v2\/comments?post=2106"}],"version-history":[{"count":4,"href":"https:\/\/ambiente.mupa.gob.pa\/basuracero\/wp-json\/wp\/v2\/pages\/2106\/revisions"}],"predecessor-version":[{"id":3397,"href":"https:\/\/ambiente.mupa.gob.pa\/basuracero\/wp-json\/wp\/v2\/pages\/2106\/revisions\/3397"}],"up":[{"embeddable":true,"href":"https:\/\/ambiente.mupa.gob.pa\/basuracero\/wp-json\/wp\/v2\/pages\/197"}],"wp:attachment":[{"href":"https:\/\/ambiente.mupa.gob.pa\/basuracero\/wp-json\/wp\/v2\/media?parent=2106"}],"curies":[{"name":"wp","href":"https:\/\/api.w.org\/{rel}","templated":true}]}}