{"id":302,"date":"2018-01-18T12:00:12","date_gmt":"2018-01-18T17:00:12","guid":{"rendered":"https:\/\/ambiente.mupa.gob.pa\/basuracero\/?page_id=302"},"modified":"2018-03-21T14:23:58","modified_gmt":"2018-03-21T19:23:58","slug":"manejo-de-residuos","status":"publish","type":"page","link":"https:\/\/ambiente.mupa.gob.pa\/basuracero\/manejo-de-residuos\/","title":{"rendered":"Manejo de Residuos"},"content":{"rendered":"<h2><strong>Reciclables<\/strong><\/h2>\n<p>Se refiere a art\u00edculos que al separarlos se pueden volver a introducir al ciclo de producci\u00f3n tales como: papeles, cartones, vidrios, pl\u00e1sticos y metales.<\/p>\n<figure id=\"attachment_381\" aria-describedby=\"caption-attachment-381\" style=\"width: 1476px\" class=\"wp-caption aligncenter\"><img loading=\"lazy\" decoding=\"async\" class=\"wp-image-381 size-full\" src=\"https:\/\/ambiente.mupa.gob.pa\/basuracero\/wp-content\/uploads\/2018\/01\/reciclables-e1516328769785.jpg\" alt=\"\" width=\"1476\" height=\"749\" srcset=\"https:\/\/ambiente.mupa.gob.pa\/basuracero\/wp-content\/uploads\/2018\/01\/reciclables-e1516328769785.jpg 1476w, https:\/\/ambiente.mupa.gob.pa\/basuracero\/wp-content\/uploads\/2018\/01\/reciclables-e1516328769785-300x152.jpg 300w, https:\/\/ambiente.mupa.gob.pa\/basuracero\/wp-content\/uploads\/2018\/01\/reciclables-e1516328769785-768x390.jpg 768w, https:\/\/ambiente.mupa.gob.pa\/basuracero\/wp-content\/uploads\/2018\/01\/reciclables-e1516328769785-1024x520.jpg 1024w, https:\/\/ambiente.mupa.gob.pa\/basuracero\/wp-content\/uploads\/2018\/01\/reciclables-e1516328769785-1150x584.jpg 1150w, https:\/\/ambiente.mupa.gob.pa\/basuracero\/wp-content\/uploads\/2018\/01\/reciclables-e1516328769785-750x381.jpg 750w, https:\/\/ambiente.mupa.gob.pa\/basuracero\/wp-content\/uploads\/2018\/01\/reciclables-e1516328769785-400x203.jpg 400w, https:\/\/ambiente.mupa.gob.pa\/basuracero\/wp-content\/uploads\/2018\/01\/reciclables-e1516328769785-250x127.jpg 250w\" sizes=\"auto, (max-width: 1476px) 100vw, 1476px\" \/><figcaption id=\"caption-attachment-381\" class=\"wp-caption-text\">Separa tus residuos en casa, evita que se conviertan en basura.<\/figcaption><\/figure>\n<h2><strong>Compostables<\/strong><\/h2>\n<p>Se refiere a residuos org\u00e1nicos, hojas, grama, podas, alimentos que sirven para producir abono org\u00e1nico o diferentes medios de cultivos.<\/p>\n<p>En mayor escala es posible generar energ\u00eda a partir de estos residuos.<\/p>\n<figure id=\"attachment_380\" aria-describedby=\"caption-attachment-380\" style=\"width: 1150px\" class=\"wp-caption aligncenter\"><img loading=\"lazy\" decoding=\"async\" class=\"wp-image-380 size-fullsize_image\" src=\"https:\/\/ambiente.mupa.gob.pa\/basuracero\/wp-content\/uploads\/2018\/01\/beneficios-del-compost-e1516328933534-1150x830.jpg\" alt=\"\" width=\"1150\" height=\"830\" srcset=\"https:\/\/ambiente.mupa.gob.pa\/basuracero\/wp-content\/uploads\/2018\/01\/beneficios-del-compost-e1516328933534-1150x830.jpg 1150w, https:\/\/ambiente.mupa.gob.pa\/basuracero\/wp-content\/uploads\/2018\/01\/beneficios-del-compost-e1516328933534-300x216.jpg 300w, https:\/\/ambiente.mupa.gob.pa\/basuracero\/wp-content\/uploads\/2018\/01\/beneficios-del-compost-e1516328933534-768x554.jpg 768w, https:\/\/ambiente.mupa.gob.pa\/basuracero\/wp-content\/uploads\/2018\/01\/beneficios-del-compost-e1516328933534-1024x739.jpg 1024w, https:\/\/ambiente.mupa.gob.pa\/basuracero\/wp-content\/uploads\/2018\/01\/beneficios-del-compost-e1516328933534-750x541.jpg 750w, https:\/\/ambiente.mupa.gob.pa\/basuracero\/wp-content\/uploads\/2018\/01\/beneficios-del-compost-e1516328933534-400x289.jpg 400w, https:\/\/ambiente.mupa.gob.pa\/basuracero\/wp-content\/uploads\/2018\/01\/beneficios-del-compost-e1516328933534-250x180.jpg 250w, https:\/\/ambiente.mupa.gob.pa\/basuracero\/wp-content\/uploads\/2018\/01\/beneficios-del-compost-e1516328933534.jpg 1468w\" sizes=\"auto, (max-width: 1150px) 100vw, 1150px\" \/><figcaption id=\"caption-attachment-380\" class=\"wp-caption-text\">Beneficios del compost. Produce tu propio abono org\u00e1nico.<\/figcaption><\/figure>\n<h2><strong>Voluminosos<\/strong><\/h2>\n<p>Se refiere a los residuos que ocupan mucho espacio, son dif\u00edcil de compactar, acopiar y eliminar tales como: escombros, neum\u00e1ticos, muebles, l\u00ednea blanca.<\/p>\n<p><img loading=\"lazy\" decoding=\"async\" class=\"aligncenter wp-image-1558 size-full\" src=\"https:\/\/ambiente.mupa.gob.pa\/basuracero\/wp-content\/uploads\/2018\/03\/4-01-1-e1521659792492.jpg\" alt=\"\" width=\"1439\" height=\"1177\" srcset=\"https:\/\/ambiente.mupa.gob.pa\/basuracero\/wp-content\/uploads\/2018\/03\/4-01-1-e1521659792492.jpg 1439w, https:\/\/ambiente.mupa.gob.pa\/basuracero\/wp-content\/uploads\/2018\/03\/4-01-1-e1521659792492-300x245.jpg 300w, https:\/\/ambiente.mupa.gob.pa\/basuracero\/wp-content\/uploads\/2018\/03\/4-01-1-e1521659792492-768x628.jpg 768w, https:\/\/ambiente.mupa.gob.pa\/basuracero\/wp-content\/uploads\/2018\/03\/4-01-1-e1521659792492-1024x838.jpg 1024w, https:\/\/ambiente.mupa.gob.pa\/basuracero\/wp-content\/uploads\/2018\/03\/4-01-1-e1521659792492-1150x941.jpg 1150w, https:\/\/ambiente.mupa.gob.pa\/basuracero\/wp-content\/uploads\/2018\/03\/4-01-1-e1521659792492-750x613.jpg 750w, https:\/\/ambiente.mupa.gob.pa\/basuracero\/wp-content\/uploads\/2018\/03\/4-01-1-e1521659792492-400x327.jpg 400w, https:\/\/ambiente.mupa.gob.pa\/basuracero\/wp-content\/uploads\/2018\/03\/4-01-1-e1521659792492-250x204.jpg 250w\" sizes=\"auto, (max-width: 1439px) 100vw, 1439px\" \/><\/p>\n<h2><strong>Manejo Especial<\/strong><\/h2>\n<p>Se refiere a aquellos que contienen elementos contaminantes como el mercurio, plomo, cadmio. Ejemplos de estos residuos son: electr\u00f3nicos, bater\u00edas, cables, aditivos, aceites.<\/p>\n<figure id=\"attachment_1556\" aria-describedby=\"caption-attachment-1556\" style=\"width: 1439px\" class=\"wp-caption aligncenter\"><img loading=\"lazy\" decoding=\"async\" class=\"wp-image-1556 size-full\" src=\"https:\/\/ambiente.mupa.gob.pa\/basuracero\/wp-content\/uploads\/2018\/03\/4-02-1-e1521660108511.jpg\" alt=\"\" width=\"1439\" height=\"1191\" srcset=\"https:\/\/ambiente.mupa.gob.pa\/basuracero\/wp-content\/uploads\/2018\/03\/4-02-1-e1521660108511.jpg 1439w, https:\/\/ambiente.mupa.gob.pa\/basuracero\/wp-content\/uploads\/2018\/03\/4-02-1-e1521660108511-300x248.jpg 300w, https:\/\/ambiente.mupa.gob.pa\/basuracero\/wp-content\/uploads\/2018\/03\/4-02-1-e1521660108511-768x636.jpg 768w, https:\/\/ambiente.mupa.gob.pa\/basuracero\/wp-content\/uploads\/2018\/03\/4-02-1-e1521660108511-1024x848.jpg 1024w, https:\/\/ambiente.mupa.gob.pa\/basuracero\/wp-content\/uploads\/2018\/03\/4-02-1-e1521660108511-1150x952.jpg 1150w, https:\/\/ambiente.mupa.gob.pa\/basuracero\/wp-content\/uploads\/2018\/03\/4-02-1-e1521660108511-750x621.jpg 750w, https:\/\/ambiente.mupa.gob.pa\/basuracero\/wp-content\/uploads\/2018\/03\/4-02-1-e1521660108511-400x331.jpg 400w, https:\/\/ambiente.mupa.gob.pa\/basuracero\/wp-content\/uploads\/2018\/03\/4-02-1-e1521660108511-250x207.jpg 250w\" sizes=\"auto, (max-width: 1439px) 100vw, 1439px\" \/><figcaption id=\"caption-attachment-1556\" class=\"wp-caption-text\">Estos son residuos de manejo especial.<\/figcaption><\/figure>\n","protected":false},"excerpt":{"rendered":"<p>Reciclables Se refiere a art\u00edculos que al separarlos se pueden volver a introducir al ciclo de producci\u00f3n tales como: papeles, cartones, vidrios, pl\u00e1sticos y metales. &hellip; <span class=\"ml-btn\"><a href=\"https:\/\/ambiente.mupa.gob.pa\/basuracero\/manejo-de-residuos\/\" class=\"more-link\">Read More<\/a><\/span><\/p>\n","protected":false},"author":12,"featured_media":0,"parent":0,"menu_order":2,"comment_status":"closed","ping_status":"closed","template":"","meta":{"footnotes":""},"class_list":["post-302","page","type-page","status-publish","hentry"],"_links":{"self":[{"href":"https:\/\/ambiente.mupa.gob.pa\/basuracero\/wp-json\/wp\/v2\/pages\/302","targetHints":{"allow":["GET"]}}],"collection":[{"href":"https:\/\/ambiente.mupa.gob.pa\/basuracero\/wp-json\/wp\/v2\/pages"}],"about":[{"href":"https:\/\/ambiente.mupa.gob.pa\/basuracero\/wp-json\/wp\/v2\/types\/page"}],"author":[{"embeddable":true,"href":"https:\/\/ambiente.mupa.gob.pa\/basuracero\/wp-json\/wp\/v2\/users\/12"}],"replies":[{"embeddable":true,"href":"https:\/\/ambiente.mupa.gob.pa\/basuracero\/wp-json\/wp\/v2\/comments?post=302"}],"version-history":[{"count":1,"href":"https:\/\/ambiente.mupa.gob.pa\/basuracero\/wp-json\/wp\/v2\/pages\/302\/revisions"}],"predecessor-version":[{"id":2784,"href":"https:\/\/ambiente.mupa.gob.pa\/basuracero\/wp-json\/wp\/v2\/pages\/302\/revisions\/2784"}],"wp:attachment":[{"href":"https:\/\/ambiente.mupa.gob.pa\/basuracero\/wp-json\/wp\/v2\/media?parent=302"}],"curies":[{"name":"wp","href":"https:\/\/api.w.org\/{rel}","templated":true}]}}