{"id":305,"date":"2018-01-18T12:04:23","date_gmt":"2018-01-18T17:04:23","guid":{"rendered":"https:\/\/ambiente.mupa.gob.pa\/basuracero\/?page_id=305"},"modified":"2024-01-23T08:13:11","modified_gmt":"2024-01-23T13:13:11","slug":"donde-reciclar","status":"publish","type":"page","link":"https:\/\/ambiente.mupa.gob.pa\/basuracero\/donde-reciclar\/","title":{"rendered":"D\u00f3nde reciclar"},"content":{"rendered":"<h2 style=\"text-align: center;\">\u00bfD\u00f3nde llevar tus materiales reciclables?<\/h2>\n<p style=\"text-align: center;\"><span style=\"font-size: 12.0pt; color: black;\">Puedes encontrar tu estaci\u00f3n de reciclaje m\u00e1s cercana, colocando en b\u00fasqueda: \u00abBasura Cero\u00bb\u00a0en la aplicaci\u00f3n\u00a0web de Google Maps o en tu dispositivo\u00a0m\u00f3vil.<\/span><\/p>\n<p>\u00ab\u00bfQu\u00e9 y c\u00f3mo recibimos los materiales reciclables?<\/p>\n","protected":false},"excerpt":{"rendered":"<p>\u00bfD\u00f3nde llevar tus materiales reciclables? Puedes encontrar tu estaci\u00f3n de reciclaje m\u00e1s cercana, colocando en b\u00fasqueda: \u00abBasura Cero\u00bb\u00a0en la aplicaci\u00f3n\u00a0web de Google Maps o en &hellip; <span class=\"ml-btn\"><a href=\"https:\/\/ambiente.mupa.gob.pa\/basuracero\/donde-reciclar\/\" class=\"more-link\">Read More<\/a><\/span><\/p>\n","protected":false},"author":12,"featured_media":0,"parent":0,"menu_order":3,"comment_status":"closed","ping_status":"closed","template":"","meta":{"footnotes":""},"class_list":["post-305","page","type-page","status-publish","hentry"],"_links":{"self":[{"href":"https:\/\/ambiente.mupa.gob.pa\/basuracero\/wp-json\/wp\/v2\/pages\/305","targetHints":{"allow":["GET"]}}],"collection":[{"href":"https:\/\/ambiente.mupa.gob.pa\/basuracero\/wp-json\/wp\/v2\/pages"}],"about":[{"href":"https:\/\/ambiente.mupa.gob.pa\/basuracero\/wp-json\/wp\/v2\/types\/page"}],"author":[{"embeddable":true,"href":"https:\/\/ambiente.mupa.gob.pa\/basuracero\/wp-json\/wp\/v2\/users\/12"}],"replies":[{"embeddable":true,"href":"https:\/\/ambiente.mupa.gob.pa\/basuracero\/wp-json\/wp\/v2\/comments?post=305"}],"version-history":[{"count":20,"href":"https:\/\/ambiente.mupa.gob.pa\/basuracero\/wp-json\/wp\/v2\/pages\/305\/revisions"}],"predecessor-version":[{"id":3475,"href":"https:\/\/ambiente.mupa.gob.pa\/basuracero\/wp-json\/wp\/v2\/pages\/305\/revisions\/3475"}],"wp:attachment":[{"href":"https:\/\/ambiente.mupa.gob.pa\/basuracero\/wp-json\/wp\/v2\/media?parent=305"}],"curies":[{"name":"wp","href":"https:\/\/api.w.org\/{rel}","templated":true}]}}