{"id":312,"date":"2018-01-18T12:11:56","date_gmt":"2018-01-18T17:11:56","guid":{"rendered":"https:\/\/ambiente.mupa.gob.pa\/basuracero\/?page_id=312"},"modified":"2018-04-05T16:04:21","modified_gmt":"2018-04-05T21:04:21","slug":"educacion-informal","status":"publish","type":"page","link":"https:\/\/ambiente.mupa.gob.pa\/basuracero\/iniciativas-y-proyectos\/educacion-informal\/","title":{"rendered":"Educaci\u00f3n Informal"},"content":{"rendered":"<figure id=\"attachment_398\" aria-describedby=\"caption-attachment-398\" style=\"width: 750px\" class=\"wp-caption aligncenter\"><img loading=\"lazy\" decoding=\"async\" class=\"wp-image-398 size-large_image\" src=\"https:\/\/ambiente.mupa.gob.pa\/basuracero\/wp-content\/uploads\/2018\/01\/promotores-ambientaless-750x421.jpeg\" alt=\"\" width=\"750\" height=\"421\" srcset=\"https:\/\/ambiente.mupa.gob.pa\/basuracero\/wp-content\/uploads\/2018\/01\/promotores-ambientaless-750x422.jpeg 750w, https:\/\/ambiente.mupa.gob.pa\/basuracero\/wp-content\/uploads\/2018\/01\/promotores-ambientaless-300x168.jpeg 300w, https:\/\/ambiente.mupa.gob.pa\/basuracero\/wp-content\/uploads\/2018\/01\/promotores-ambientaless-768x431.jpeg 768w, https:\/\/ambiente.mupa.gob.pa\/basuracero\/wp-content\/uploads\/2018\/01\/promotores-ambientaless-1024x575.jpeg 1024w, https:\/\/ambiente.mupa.gob.pa\/basuracero\/wp-content\/uploads\/2018\/01\/promotores-ambientaless-400x225.jpeg 400w, https:\/\/ambiente.mupa.gob.pa\/basuracero\/wp-content\/uploads\/2018\/01\/promotores-ambientaless-250x141.jpeg 250w, https:\/\/ambiente.mupa.gob.pa\/basuracero\/wp-content\/uploads\/2018\/01\/promotores-ambientaless-480x270.jpeg 480w, https:\/\/ambiente.mupa.gob.pa\/basuracero\/wp-content\/uploads\/2018\/01\/promotores-ambientaless.jpeg 1040w\" sizes=\"auto, (max-width: 750px) 100vw, 750px\" \/><figcaption id=\"caption-attachment-398\" class=\"wp-caption-text\">Promotores ambientales.<\/figcaption><\/figure>\n<p style=\"text-align: left;\">Contamos con un equipo de promotores ambientales desde julio 2017, con experiencias diversas en el manejo de residuos, toda vez que algunos tuvieron la oportunidad de trabajar en la Fundaci\u00f3n ANCON, desde el inicio del Programa Basura Cero \u2013 Cambia tu barrio. Dichos monitores realizan jornadas de sensibilizaci\u00f3n puerta a puerta, en sitio en las estaciones de reciclaje, ayudan en la separaci\u00f3n de residuos durante la recolecci\u00f3n, son responsables del orden y limpieza de las estaciones de reciclaje y de censar a los que utilizan dichas estaciones; entre otras actividades relacionadas, como promover los Agentes Basura Cero (ABC).<\/p>\n<p style=\"text-align: left;\">El proyecto Agentes Basura Cero (ABC) busca establecer un plan para ni\u00f1os, ni\u00f1as y j\u00f3venes en las comunidades en donde se desarrolle Basura Cero ofreciendo una formaci\u00f3n en el manejo de residuos, que incluya componentes din\u00e1micos que permitan una nueva cultura de aseo y manejo de los residuos a las pr\u00f3ximas generaciones. El proyecto ABC est\u00e1 dividido en dos fases, una fase inicial que consiste en la preparaci\u00f3n del proyecto el cual le debe permitir a los j\u00f3venes seleccionados conocer el Programa Basura Cero y tener la oportunidad de ver cerca la situaci\u00f3n actual en la Ciudad de Panam\u00e1; y la segunda fase que implicar\u00eda excursiones y actividades al aire libre y\/o espacios cerrados en donde los participantes experimentar\u00e1n la realidad en el manejo de residuos, logrando un cambio en ellos, sus familias y corregimientos.<\/p>\n<p>&nbsp;<\/p>\n<h3>Noticias Relacionadas<\/h3>\n<p>[trx_blogger style=\u00bbclassic_2&#8243; filters=\u00bbno\u00bb dir=\u00bbvertical\u00bb post_type=\u00bbpost\u00bb cat=\u00bb21&#8243; count=\u00bb3&#8243; offset=\u00bb0&#8243; orderby=\u00bbdate\u00bb order=\u00bbdesc\u00bb only=\u00bbno\u00bb scroll=\u00bbyes\u00bb controls=\u00bbno\u00bb rating=\u00bbno\u00bb info=\u00bbno\u00bb links=\u00bbyes\u00bb readmore=\u00bbLeer\u00bb descr=\u00bb0&#8243; width=\u00bb100%\u00bb height=\u00bb720&#8243;]<\/p>\n","protected":false},"excerpt":{"rendered":"<p>Contamos con un equipo de promotores ambientales desde julio 2017, con experiencias diversas en el manejo de residuos, toda vez que algunos tuvieron la oportunidad &hellip; <span class=\"ml-btn\"><a href=\"https:\/\/ambiente.mupa.gob.pa\/basuracero\/iniciativas-y-proyectos\/educacion-informal\/\" class=\"more-link\">Read More<\/a><\/span><\/p>\n","protected":false},"author":12,"featured_media":0,"parent":197,"menu_order":4,"comment_status":"closed","ping_status":"closed","template":"","meta":{"footnotes":""},"class_list":["post-312","page","type-page","status-publish","hentry"],"_links":{"self":[{"href":"https:\/\/ambiente.mupa.gob.pa\/basuracero\/wp-json\/wp\/v2\/pages\/312","targetHints":{"allow":["GET"]}}],"collection":[{"href":"https:\/\/ambiente.mupa.gob.pa\/basuracero\/wp-json\/wp\/v2\/pages"}],"about":[{"href":"https:\/\/ambiente.mupa.gob.pa\/basuracero\/wp-json\/wp\/v2\/types\/page"}],"author":[{"embeddable":true,"href":"https:\/\/ambiente.mupa.gob.pa\/basuracero\/wp-json\/wp\/v2\/users\/12"}],"replies":[{"embeddable":true,"href":"https:\/\/ambiente.mupa.gob.pa\/basuracero\/wp-json\/wp\/v2\/comments?post=312"}],"version-history":[{"count":1,"href":"https:\/\/ambiente.mupa.gob.pa\/basuracero\/wp-json\/wp\/v2\/pages\/312\/revisions"}],"predecessor-version":[{"id":3297,"href":"https:\/\/ambiente.mupa.gob.pa\/basuracero\/wp-json\/wp\/v2\/pages\/312\/revisions\/3297"}],"up":[{"embeddable":true,"href":"https:\/\/ambiente.mupa.gob.pa\/basuracero\/wp-json\/wp\/v2\/pages\/197"}],"wp:attachment":[{"href":"https:\/\/ambiente.mupa.gob.pa\/basuracero\/wp-json\/wp\/v2\/media?parent=312"}],"curies":[{"name":"wp","href":"https:\/\/api.w.org\/{rel}","templated":true}]}}