{"id":315,"date":"2018-01-18T12:12:34","date_gmt":"2018-01-18T17:12:34","guid":{"rendered":"https:\/\/ambiente.mupa.gob.pa\/basuracero\/?page_id=315"},"modified":"2018-04-06T13:09:57","modified_gmt":"2018-04-06T18:09:57","slug":"ecosolido","status":"publish","type":"page","link":"https:\/\/ambiente.mupa.gob.pa\/basuracero\/iniciativas-y-proyectos\/ecosolido\/","title":{"rendered":"Ecos\u00f3lido"},"content":{"rendered":"<p style=\"text-align: left;\"><strong>Ecos\u00f3lido<\/strong>\u00a0es un proyecto que nace en el Centro Penitenciario La Joyita como una iniciativa de los privados de libertad. El proyecto consiste en una planta de clasificaci\u00f3n de basura que se genera dentro del sistema penitenciario.\u00a0 Este proyecto es apoyado por la Alcald\u00eda de Panam\u00e1, a trav\u00e9s de su Programa Basura Cero.<\/p>\n<p style=\"text-align: left;\">En la planta de clasificaci\u00f3n se separa y almacena los materiales reciclables tales como pl\u00e1sticos y latas para la venta, se producen artesan\u00edas y utensilios a base de pl\u00e1stico reciclado; adem\u00e1s se procesa los desperdicios de alimentos para producir abono org\u00e1nico que es utilizado para la siembra de plantones en el vivero.<\/p>\n<p style=\"text-align: left;\">Actualmente el proyecto emplea a unos 540 privados de libertad.\u00a0 Es el proyecto m\u00e1s exitoso en participaci\u00f3n y conmutaci\u00f3n de condena en La Joyita, convirtiendo el problema de la basura en una oportunidad.<\/p>\n<figure id=\"attachment_433\" aria-describedby=\"caption-attachment-433\" style=\"width: 750px\" class=\"wp-caption aligncenter\"><img loading=\"lazy\" decoding=\"async\" class=\"wp-image-433 size-large_image\" title=\"Visita a Ecos\u00f3lido\" src=\"https:\/\/ambiente.mupa.gob.pa\/basuracero\/wp-content\/uploads\/2018\/01\/MG_8292-750x500.jpg\" alt=\"\" width=\"750\" height=\"500\" srcset=\"https:\/\/ambiente.mupa.gob.pa\/basuracero\/wp-content\/uploads\/2018\/01\/MG_8292-750x500.jpg 750w, https:\/\/ambiente.mupa.gob.pa\/basuracero\/wp-content\/uploads\/2018\/01\/MG_8292-300x200.jpg 300w, https:\/\/ambiente.mupa.gob.pa\/basuracero\/wp-content\/uploads\/2018\/01\/MG_8292-768x512.jpg 768w, https:\/\/ambiente.mupa.gob.pa\/basuracero\/wp-content\/uploads\/2018\/01\/MG_8292-1024x683.jpg 1024w, https:\/\/ambiente.mupa.gob.pa\/basuracero\/wp-content\/uploads\/2018\/01\/MG_8292-1150x767.jpg 1150w, https:\/\/ambiente.mupa.gob.pa\/basuracero\/wp-content\/uploads\/2018\/01\/MG_8292-400x267.jpg 400w, https:\/\/ambiente.mupa.gob.pa\/basuracero\/wp-content\/uploads\/2018\/01\/MG_8292-250x167.jpg 250w, https:\/\/ambiente.mupa.gob.pa\/basuracero\/wp-content\/uploads\/2018\/01\/MG_8292.jpg 2048w\" sizes=\"auto, (max-width: 750px) 100vw, 750px\" \/><figcaption id=\"caption-attachment-433\" class=\"wp-caption-text\">Aniversario de Ecos\u00f3lido, a\u00f1o 2017.<\/figcaption><\/figure>\n<div id='gallery-1' class='gallery galleryid-315 gallery-columns-8 gallery-size-thumbnail'><figure class='gallery-item'>\n\t\t\t<div class='gallery-icon landscape'>\n\t\t\t\t<a href='https:\/\/ambiente.mupa.gob.pa\/basuracero\/wp-content\/uploads\/2018\/02\/21728560_1946384195619418_3187385962214849987_n.jpg'><img loading=\"lazy\" decoding=\"async\" width=\"150\" height=\"150\" src=\"https:\/\/ambiente.mupa.gob.pa\/basuracero\/wp-content\/uploads\/2018\/02\/21728560_1946384195619418_3187385962214849987_n-150x150.jpg\" class=\"attachment-thumbnail size-thumbnail\" alt=\"\" srcset=\"https:\/\/ambiente.mupa.gob.pa\/basuracero\/wp-content\/uploads\/2018\/02\/21728560_1946384195619418_3187385962214849987_n-150x150.jpg 150w, https:\/\/ambiente.mupa.gob.pa\/basuracero\/wp-content\/uploads\/2018\/02\/21728560_1946384195619418_3187385962214849987_n-400x400.jpg 400w, https:\/\/ambiente.mupa.gob.pa\/basuracero\/wp-content\/uploads\/2018\/02\/21728560_1946384195619418_3187385962214849987_n-250x250.jpg 250w, https:\/\/ambiente.mupa.gob.pa\/basuracero\/wp-content\/uploads\/2018\/02\/21728560_1946384195619418_3187385962214849987_n-350x350.jpg 350w, https:\/\/ambiente.mupa.gob.pa\/basuracero\/wp-content\/uploads\/2018\/02\/21728560_1946384195619418_3187385962214849987_n-75x75.jpg 75w\" sizes=\"auto, (max-width: 150px) 100vw, 150px\" \/><\/a>\n\t\t\t<\/div><\/figure><figure class='gallery-item'>\n\t\t\t<div class='gallery-icon landscape'>\n\t\t\t\t<a href='https:\/\/ambiente.mupa.gob.pa\/basuracero\/wp-content\/uploads\/2018\/02\/21739979_1946383828952788_834521891914516441_n.jpg'><img loading=\"lazy\" decoding=\"async\" width=\"150\" height=\"150\" src=\"https:\/\/ambiente.mupa.gob.pa\/basuracero\/wp-content\/uploads\/2018\/02\/21739979_1946383828952788_834521891914516441_n-150x150.jpg\" class=\"attachment-thumbnail size-thumbnail\" alt=\"\" srcset=\"https:\/\/ambiente.mupa.gob.pa\/basuracero\/wp-content\/uploads\/2018\/02\/21739979_1946383828952788_834521891914516441_n-150x150.jpg 150w, https:\/\/ambiente.mupa.gob.pa\/basuracero\/wp-content\/uploads\/2018\/02\/21739979_1946383828952788_834521891914516441_n-400x400.jpg 400w, https:\/\/ambiente.mupa.gob.pa\/basuracero\/wp-content\/uploads\/2018\/02\/21739979_1946383828952788_834521891914516441_n-250x250.jpg 250w, https:\/\/ambiente.mupa.gob.pa\/basuracero\/wp-content\/uploads\/2018\/02\/21739979_1946383828952788_834521891914516441_n-350x350.jpg 350w, https:\/\/ambiente.mupa.gob.pa\/basuracero\/wp-content\/uploads\/2018\/02\/21739979_1946383828952788_834521891914516441_n-75x75.jpg 75w\" sizes=\"auto, (max-width: 150px) 100vw, 150px\" \/><\/a>\n\t\t\t<\/div><\/figure><figure class='gallery-item'>\n\t\t\t<div class='gallery-icon landscape'>\n\t\t\t\t<a href='https:\/\/ambiente.mupa.gob.pa\/basuracero\/wp-content\/uploads\/2018\/02\/21730789_1946366832287821_5061725668741921881_n.jpg'><img loading=\"lazy\" decoding=\"async\" width=\"150\" height=\"150\" src=\"https:\/\/ambiente.mupa.gob.pa\/basuracero\/wp-content\/uploads\/2018\/02\/21730789_1946366832287821_5061725668741921881_n-150x150.jpg\" class=\"attachment-thumbnail size-thumbnail\" alt=\"\" srcset=\"https:\/\/ambiente.mupa.gob.pa\/basuracero\/wp-content\/uploads\/2018\/02\/21730789_1946366832287821_5061725668741921881_n-150x150.jpg 150w, https:\/\/ambiente.mupa.gob.pa\/basuracero\/wp-content\/uploads\/2018\/02\/21730789_1946366832287821_5061725668741921881_n-400x400.jpg 400w, https:\/\/ambiente.mupa.gob.pa\/basuracero\/wp-content\/uploads\/2018\/02\/21730789_1946366832287821_5061725668741921881_n-250x250.jpg 250w, https:\/\/ambiente.mupa.gob.pa\/basuracero\/wp-content\/uploads\/2018\/02\/21730789_1946366832287821_5061725668741921881_n-350x350.jpg 350w, https:\/\/ambiente.mupa.gob.pa\/basuracero\/wp-content\/uploads\/2018\/02\/21730789_1946366832287821_5061725668741921881_n-75x75.jpg 75w\" sizes=\"auto, (max-width: 150px) 100vw, 150px\" \/><\/a>\n\t\t\t<\/div><\/figure><figure class='gallery-item'>\n\t\t\t<div class='gallery-icon landscape'>\n\t\t\t\t<a href='https:\/\/ambiente.mupa.gob.pa\/basuracero\/wp-content\/uploads\/2018\/02\/21728141_1946383778952793_4013006347312254195_n.jpg'><img loading=\"lazy\" decoding=\"async\" width=\"150\" height=\"150\" src=\"https:\/\/ambiente.mupa.gob.pa\/basuracero\/wp-content\/uploads\/2018\/02\/21728141_1946383778952793_4013006347312254195_n-150x150.jpg\" class=\"attachment-thumbnail size-thumbnail\" alt=\"\" srcset=\"https:\/\/ambiente.mupa.gob.pa\/basuracero\/wp-content\/uploads\/2018\/02\/21728141_1946383778952793_4013006347312254195_n-150x150.jpg 150w, https:\/\/ambiente.mupa.gob.pa\/basuracero\/wp-content\/uploads\/2018\/02\/21728141_1946383778952793_4013006347312254195_n-400x400.jpg 400w, https:\/\/ambiente.mupa.gob.pa\/basuracero\/wp-content\/uploads\/2018\/02\/21728141_1946383778952793_4013006347312254195_n-250x250.jpg 250w, https:\/\/ambiente.mupa.gob.pa\/basuracero\/wp-content\/uploads\/2018\/02\/21728141_1946383778952793_4013006347312254195_n-350x350.jpg 350w, https:\/\/ambiente.mupa.gob.pa\/basuracero\/wp-content\/uploads\/2018\/02\/21728141_1946383778952793_4013006347312254195_n-75x75.jpg 75w\" sizes=\"auto, (max-width: 150px) 100vw, 150px\" \/><\/a>\n\t\t\t<\/div><\/figure><figure class='gallery-item'>\n\t\t\t<div class='gallery-icon landscape'>\n\t\t\t\t<a href='https:\/\/ambiente.mupa.gob.pa\/basuracero\/wp-content\/uploads\/2018\/02\/2e1ax_origami_entry_21740517_1946365988954572_520558092354873535_n.jpg'><img loading=\"lazy\" decoding=\"async\" width=\"150\" height=\"150\" src=\"https:\/\/ambiente.mupa.gob.pa\/basuracero\/wp-content\/uploads\/2018\/02\/2e1ax_origami_entry_21740517_1946365988954572_520558092354873535_n-150x150.jpg\" class=\"attachment-thumbnail size-thumbnail\" alt=\"\" srcset=\"https:\/\/ambiente.mupa.gob.pa\/basuracero\/wp-content\/uploads\/2018\/02\/2e1ax_origami_entry_21740517_1946365988954572_520558092354873535_n-150x150.jpg 150w, https:\/\/ambiente.mupa.gob.pa\/basuracero\/wp-content\/uploads\/2018\/02\/2e1ax_origami_entry_21740517_1946365988954572_520558092354873535_n-400x400.jpg 400w, https:\/\/ambiente.mupa.gob.pa\/basuracero\/wp-content\/uploads\/2018\/02\/2e1ax_origami_entry_21740517_1946365988954572_520558092354873535_n-250x250.jpg 250w, https:\/\/ambiente.mupa.gob.pa\/basuracero\/wp-content\/uploads\/2018\/02\/2e1ax_origami_entry_21740517_1946365988954572_520558092354873535_n-350x350.jpg 350w, https:\/\/ambiente.mupa.gob.pa\/basuracero\/wp-content\/uploads\/2018\/02\/2e1ax_origami_entry_21740517_1946365988954572_520558092354873535_n-75x75.jpg 75w\" sizes=\"auto, (max-width: 150px) 100vw, 150px\" \/><\/a>\n\t\t\t<\/div><\/figure><figure class='gallery-item'>\n\t\t\t<div class='gallery-icon landscape'>\n\t\t\t\t<a href='https:\/\/ambiente.mupa.gob.pa\/basuracero\/wp-content\/uploads\/2018\/02\/21743137_1946370798954091_5173605272522449449_n.jpg'><img loading=\"lazy\" decoding=\"async\" width=\"150\" height=\"150\" src=\"https:\/\/ambiente.mupa.gob.pa\/basuracero\/wp-content\/uploads\/2018\/02\/21743137_1946370798954091_5173605272522449449_n-150x150.jpg\" class=\"attachment-thumbnail size-thumbnail\" alt=\"\" srcset=\"https:\/\/ambiente.mupa.gob.pa\/basuracero\/wp-content\/uploads\/2018\/02\/21743137_1946370798954091_5173605272522449449_n-150x150.jpg 150w, https:\/\/ambiente.mupa.gob.pa\/basuracero\/wp-content\/uploads\/2018\/02\/21743137_1946370798954091_5173605272522449449_n-400x400.jpg 400w, https:\/\/ambiente.mupa.gob.pa\/basuracero\/wp-content\/uploads\/2018\/02\/21743137_1946370798954091_5173605272522449449_n-250x250.jpg 250w, https:\/\/ambiente.mupa.gob.pa\/basuracero\/wp-content\/uploads\/2018\/02\/21743137_1946370798954091_5173605272522449449_n-350x350.jpg 350w, https:\/\/ambiente.mupa.gob.pa\/basuracero\/wp-content\/uploads\/2018\/02\/21743137_1946370798954091_5173605272522449449_n-75x75.jpg 75w\" sizes=\"auto, (max-width: 150px) 100vw, 150px\" \/><\/a>\n\t\t\t<\/div><\/figure><figure class='gallery-item'>\n\t\t\t<div class='gallery-icon landscape'>\n\t\t\t\t<a href='https:\/\/ambiente.mupa.gob.pa\/basuracero\/wp-content\/uploads\/2018\/02\/21740617_1946371862287318_2315922576593593929_n.jpg'><img loading=\"lazy\" decoding=\"async\" width=\"150\" height=\"150\" src=\"https:\/\/ambiente.mupa.gob.pa\/basuracero\/wp-content\/uploads\/2018\/02\/21740617_1946371862287318_2315922576593593929_n-150x150.jpg\" class=\"attachment-thumbnail size-thumbnail\" alt=\"\" srcset=\"https:\/\/ambiente.mupa.gob.pa\/basuracero\/wp-content\/uploads\/2018\/02\/21740617_1946371862287318_2315922576593593929_n-150x150.jpg 150w, https:\/\/ambiente.mupa.gob.pa\/basuracero\/wp-content\/uploads\/2018\/02\/21740617_1946371862287318_2315922576593593929_n-400x400.jpg 400w, https:\/\/ambiente.mupa.gob.pa\/basuracero\/wp-content\/uploads\/2018\/02\/21740617_1946371862287318_2315922576593593929_n-250x250.jpg 250w, https:\/\/ambiente.mupa.gob.pa\/basuracero\/wp-content\/uploads\/2018\/02\/21740617_1946371862287318_2315922576593593929_n-350x350.jpg 350w, https:\/\/ambiente.mupa.gob.pa\/basuracero\/wp-content\/uploads\/2018\/02\/21740617_1946371862287318_2315922576593593929_n-75x75.jpg 75w\" sizes=\"auto, (max-width: 150px) 100vw, 150px\" \/><\/a>\n\t\t\t<\/div><\/figure><figure class='gallery-item'>\n\t\t\t<div class='gallery-icon landscape'>\n\t\t\t\t<a href='https:\/\/ambiente.mupa.gob.pa\/basuracero\/wp-content\/uploads\/2018\/02\/21740517_1946365988954572_520558092354873535_n.jpg'><img loading=\"lazy\" decoding=\"async\" width=\"150\" height=\"150\" src=\"https:\/\/ambiente.mupa.gob.pa\/basuracero\/wp-content\/uploads\/2018\/02\/21740517_1946365988954572_520558092354873535_n-150x150.jpg\" class=\"attachment-thumbnail size-thumbnail\" alt=\"\" srcset=\"https:\/\/ambiente.mupa.gob.pa\/basuracero\/wp-content\/uploads\/2018\/02\/21740517_1946365988954572_520558092354873535_n-150x150.jpg 150w, https:\/\/ambiente.mupa.gob.pa\/basuracero\/wp-content\/uploads\/2018\/02\/21740517_1946365988954572_520558092354873535_n-400x400.jpg 400w, https:\/\/ambiente.mupa.gob.pa\/basuracero\/wp-content\/uploads\/2018\/02\/21740517_1946365988954572_520558092354873535_n-250x250.jpg 250w, https:\/\/ambiente.mupa.gob.pa\/basuracero\/wp-content\/uploads\/2018\/02\/21740517_1946365988954572_520558092354873535_n-350x350.jpg 350w, https:\/\/ambiente.mupa.gob.pa\/basuracero\/wp-content\/uploads\/2018\/02\/21740517_1946365988954572_520558092354873535_n-75x75.jpg 75w\" sizes=\"auto, (max-width: 150px) 100vw, 150px\" \/><\/a>\n\t\t\t<\/div><\/figure>\n\t\t<\/div>\n\n<p>&nbsp;<\/p>\n<h3>Tercer aniversario del Proyecto Ecos\u00f3lido<\/h3>\n<p><iframe loading=\"lazy\" src=\"https:\/\/www.youtube.com\/embed\/1TLm-b5eY4Q\" width=\"100%\" height=\"auto\" frameborder=\"0\" allowfullscreen=\"allowfullscreen\"><\/iframe><\/p>\n<p>&nbsp;<\/p>\n<h3>Noticias Relacionadas<\/h3>\n<p>[trx_blogger style=\u00bbclassic_2&#8243; filters=\u00bbno\u00bb dir=\u00bbvertical\u00bb post_type=\u00bbpost\u00bb cat=\u00bb22&#8243; count=\u00bb3&#8243; offset=\u00bb0&#8243; orderby=\u00bbdate\u00bb order=\u00bbdesc\u00bb only=\u00bbno\u00bb scroll=\u00bbyes\u00bb controls=\u00bbno\u00bb rating=\u00bbno\u00bb info=\u00bbno\u00bb links=\u00bbyes\u00bb readmore=\u00bbLeer\u00bb descr=\u00bb0&#8243; width=\u00bb100%\u00bb height=\u00bb720&#8243;]<\/p>\n","protected":false},"excerpt":{"rendered":"<p>Ecos\u00f3lido\u00a0es un proyecto que nace en el Centro Penitenciario La Joyita como una iniciativa de los privados de libertad. El proyecto consiste en una planta &hellip; <span class=\"ml-btn\"><a href=\"https:\/\/ambiente.mupa.gob.pa\/basuracero\/iniciativas-y-proyectos\/ecosolido\/\" class=\"more-link\">Read More<\/a><\/span><\/p>\n","protected":false},"author":12,"featured_media":0,"parent":197,"menu_order":3,"comment_status":"closed","ping_status":"closed","template":"","meta":{"footnotes":""},"class_list":["post-315","page","type-page","status-publish","hentry"],"_links":{"self":[{"href":"https:\/\/ambiente.mupa.gob.pa\/basuracero\/wp-json\/wp\/v2\/pages\/315","targetHints":{"allow":["GET"]}}],"collection":[{"href":"https:\/\/ambiente.mupa.gob.pa\/basuracero\/wp-json\/wp\/v2\/pages"}],"about":[{"href":"https:\/\/ambiente.mupa.gob.pa\/basuracero\/wp-json\/wp\/v2\/types\/page"}],"author":[{"embeddable":true,"href":"https:\/\/ambiente.mupa.gob.pa\/basuracero\/wp-json\/wp\/v2\/users\/12"}],"replies":[{"embeddable":true,"href":"https:\/\/ambiente.mupa.gob.pa\/basuracero\/wp-json\/wp\/v2\/comments?post=315"}],"version-history":[{"count":2,"href":"https:\/\/ambiente.mupa.gob.pa\/basuracero\/wp-json\/wp\/v2\/pages\/315\/revisions"}],"predecessor-version":[{"id":2196,"href":"https:\/\/ambiente.mupa.gob.pa\/basuracero\/wp-json\/wp\/v2\/pages\/315\/revisions\/2196"}],"up":[{"embeddable":true,"href":"https:\/\/ambiente.mupa.gob.pa\/basuracero\/wp-json\/wp\/v2\/pages\/197"}],"wp:attachment":[{"href":"https:\/\/ambiente.mupa.gob.pa\/basuracero\/wp-json\/wp\/v2\/media?parent=315"}],"curies":[{"name":"wp","href":"https:\/\/api.w.org\/{rel}","templated":true}]}}