{"id":318,"date":"2018-01-18T12:13:27","date_gmt":"2018-01-18T17:13:27","guid":{"rendered":"https:\/\/ambiente.mupa.gob.pa\/basuracero\/?page_id=318"},"modified":"2018-09-06T08:27:48","modified_gmt":"2018-09-06T13:27:48","slug":"certificacion-empresarial","status":"publish","type":"page","link":"https:\/\/ambiente.mupa.gob.pa\/basuracero\/iniciativas-y-proyectos\/certificacion-empresarial\/","title":{"rendered":"Certificaci\u00f3n Empresarial"},"content":{"rendered":"<p><img loading=\"lazy\" decoding=\"async\" class=\"size-full wp-image-404 alignleft\" src=\"https:\/\/ambiente.mupa.gob.pa\/basuracero\/wp-content\/uploads\/2018\/01\/logo-certificacion-bc.png\" alt=\"\" width=\"200\" height=\"208\" \/><\/p>\n<p>Es responsabilidad de toda empresa medir, mitigar, evitar, reducir y controlar los efectos que tienen sus procesos y productos en el ambiente y en la salud humana, por lo cual una buena actitud de Responsabilidad Ambiental y Social Empresarial se debe enfocar en la b\u00fasqueda de la mejora continua y excelencia en una estrategia de sostenibilidad en el adecuado manejo de los residuos.<\/p>\n<p>El manejo de los residuos se ha transformado en uno de los principales problemas ambientales a los que se enfrentan las ciudades, y particularmente los desechos s\u00f3lidos los que proliferan paralelamente con la urbanizaci\u00f3n y la industrializaci\u00f3n.<\/p>\n<p>El Municipio de Panam\u00e1, en su gesti\u00f3n, promueve el manejo integral de los residuos en la Ciudad de Panam\u00e1, y ha desarrollado el Programa Basura Cero, que en sus cuatro componentes sobre: 1. normativa e institucionalidad, 2. log\u00edstica, 3. Sensibilizaci\u00f3n y 4. PYMES, cooperativas, recicladoras y grandes generadoras; buscan dar soluci\u00f3n inicial a la problem\u00e1tica de la basura que enfrenta el Pa\u00eds. Dentro de este \u00faltimo componente considera la certificaci\u00f3n voluntaria de empresas generadoras de residuos.<\/p>\n<p><strong>Objetivo<\/strong><\/p>\n<p>La presente Gu\u00eda est\u00e1 orientada a que las empresas aborden los aspectos fundamentales de las 3R\u2019s (reducir, reutilizar y reciclar), bajo el abordaje de econom\u00eda circular para minimizar la generaci\u00f3n y disposici\u00f3n final de residuos resultantes de las actividades econ\u00f3micas de las empresas, y ser reconocida a trav\u00e9s de la Certificaci\u00f3n Empresarial Basura Cero.<\/p>\n<p><strong>Alcance<\/strong><\/p>\n<p>El presente documento contiene los elementos que ayudan a evaluar y encaminar la adecuada gesti\u00f3n integral de residuos s\u00f3lidos no peligrosos y de manejo especial en las diferentes industrias, comercios y empresas de servicios de la Ciudad de Panam\u00e1. Principalmente estas empresas y comercios podr\u00e1n optar por la Certificaci\u00f3n Empresarial Basura Cero, el cual es un programa voluntario ejecutado por la Alcald\u00eda de Panam\u00e1 para reconocer el esfuerzo de empresas por mejorar el manejo de sus residuos. \u00bfQui\u00e9n debe usar esta Gu\u00eda? Empresas del sector industrial, agroindustrial, construcci\u00f3n, comercios y empresas de servicios que se hayan adherido al Programa Basura Cero del Municipio de Panam\u00e1 para el manejo adecuado de los residuos s\u00f3lidos y de manejo especial.<\/p>\n<figure id=\"attachment_405\" aria-describedby=\"caption-attachment-405\" style=\"width: 750px\" class=\"wp-caption aligncenter\"><img loading=\"lazy\" decoding=\"async\" class=\"wp-image-405 size-large_image\" src=\"https:\/\/ambiente.mupa.gob.pa\/basuracero\/wp-content\/uploads\/2018\/01\/ciclo-proceso-cert-bc-750x535.png\" alt=\"\" width=\"750\" height=\"535\" srcset=\"https:\/\/ambiente.mupa.gob.pa\/basuracero\/wp-content\/uploads\/2018\/01\/ciclo-proceso-cert-bc-750x535.png 750w, https:\/\/ambiente.mupa.gob.pa\/basuracero\/wp-content\/uploads\/2018\/01\/ciclo-proceso-cert-bc-300x214.jpg 300w, https:\/\/ambiente.mupa.gob.pa\/basuracero\/wp-content\/uploads\/2018\/01\/ciclo-proceso-cert-bc-768x548.jpg 768w, https:\/\/ambiente.mupa.gob.pa\/basuracero\/wp-content\/uploads\/2018\/01\/ciclo-proceso-cert-bc-400x286.png 400w, https:\/\/ambiente.mupa.gob.pa\/basuracero\/wp-content\/uploads\/2018\/01\/ciclo-proceso-cert-bc-250x178.png 250w, https:\/\/ambiente.mupa.gob.pa\/basuracero\/wp-content\/uploads\/2018\/01\/ciclo-proceso-cert-bc.jpg 800w\" sizes=\"auto, (max-width: 750px) 100vw, 750px\" \/><figcaption id=\"caption-attachment-405\" class=\"wp-caption-text\">Ciclo Basura Cero.<\/figcaption><\/figure>\n<p><strong>\u00bfC\u00f3mo obtener la certificaci\u00f3n Empresarial Basura Cero?<\/strong><\/p>\n<p>El diagrama a continuaci\u00f3n muestra 5 pasos sencillos para obtener la certificaci\u00f3n:<\/p>\n<p><strong><img loading=\"lazy\" decoding=\"async\" class=\"alignnone size-full wp-image-1785\" src=\"https:\/\/ambiente.mupa.gob.pa\/basuracero\/wp-content\/uploads\/2018\/03\/Imagen1-4.png\" alt=\"\" width=\"1173\" height=\"632\" srcset=\"https:\/\/ambiente.mupa.gob.pa\/basuracero\/wp-content\/uploads\/2018\/03\/Imagen1-4.png 1173w, https:\/\/ambiente.mupa.gob.pa\/basuracero\/wp-content\/uploads\/2018\/03\/Imagen1-4-300x162.png 300w, https:\/\/ambiente.mupa.gob.pa\/basuracero\/wp-content\/uploads\/2018\/03\/Imagen1-4-768x414.png 768w, https:\/\/ambiente.mupa.gob.pa\/basuracero\/wp-content\/uploads\/2018\/03\/Imagen1-4-1024x552.png 1024w, https:\/\/ambiente.mupa.gob.pa\/basuracero\/wp-content\/uploads\/2018\/03\/Imagen1-4-1150x620.png 1150w, https:\/\/ambiente.mupa.gob.pa\/basuracero\/wp-content\/uploads\/2018\/03\/Imagen1-4-750x404.png 750w, https:\/\/ambiente.mupa.gob.pa\/basuracero\/wp-content\/uploads\/2018\/03\/Imagen1-4-400x216.png 400w, https:\/\/ambiente.mupa.gob.pa\/basuracero\/wp-content\/uploads\/2018\/03\/Imagen1-4-250x135.png 250w\" sizes=\"auto, (max-width: 1173px) 100vw, 1173px\" \/><\/strong><\/p>\n<p><strong>Categor\u00edas<\/strong><\/p>\n<p>Seg\u00fan el peso o volumen de residuos evitados (en las compras, transporte, producci\u00f3n o comercializaci\u00f3n) o porque no van a disposici\u00f3n final (relleno, vertedero o incineradora) del total generado por la empresa seg\u00fan l\u00ednea base semestral \/ anual.<\/p>\n<p>CATEGOR\u00cdAS POR PORCENTAJE DE CUMPLIMIENTO SEG\u00daN LA CERTIFICACI\u00d3N BASURA CERO:<\/p>\n<figure id=\"attachment_408\" aria-describedby=\"caption-attachment-408\" style=\"width: 200px\" class=\"wp-caption aligncenter\"><img loading=\"lazy\" decoding=\"async\" class=\"wp-image-408 size-full\" src=\"https:\/\/ambiente.mupa.gob.pa\/basuracero\/wp-content\/uploads\/2018\/01\/categorias-cert-bc-1.png\" alt=\"\" width=\"200\" height=\"204\" \/><figcaption id=\"caption-attachment-408\" class=\"wp-caption-text\">B= 60%<\/figcaption><\/figure>\n<figure id=\"attachment_409\" aria-describedby=\"caption-attachment-409\" style=\"width: 200px\" class=\"wp-caption aligncenter\"><img loading=\"lazy\" decoding=\"async\" class=\"size-full wp-image-409\" src=\"https:\/\/ambiente.mupa.gob.pa\/basuracero\/wp-content\/uploads\/2018\/01\/categorias-cert-bc-2.png\" alt=\"\" width=\"200\" height=\"226\" \/><figcaption id=\"caption-attachment-409\" class=\"wp-caption-text\">A= 71%<\/figcaption><\/figure>\n<figure id=\"attachment_410\" aria-describedby=\"caption-attachment-410\" style=\"width: 200px\" class=\"wp-caption aligncenter\"><img loading=\"lazy\" decoding=\"async\" class=\"size-full wp-image-410\" src=\"https:\/\/ambiente.mupa.gob.pa\/basuracero\/wp-content\/uploads\/2018\/01\/categorias-cert-bc-3.png\" alt=\"\" width=\"200\" height=\"221\" \/><figcaption id=\"caption-attachment-410\" class=\"wp-caption-text\">A+= 91%<\/figcaption><\/figure>\n<p><b>\u00bfQuieres certificarte?<\/b><\/p>\n<p>Las empresas interesadas en la Certificaci\u00f3n Basura Cero, deber\u00e1n enviar una\u00a0<i>carta de intenci\u00f3n\u00a0<\/i>dirigida<i>\u00a0<\/i>a la Direcci\u00f3n de Gesti\u00f3n Ambiental del Municipio de Panam\u00e1. Descargar\u00a0<a href=\"https:\/\/ambiente.mupa.gob.pa\/basuracero\/wp-content\/uploads\/2018\/09\/Gu\u00eda-para-certificaci\u00f3n-Empresarial-Basura-Cero.-Mayo-2018-v.2-002-2.pdf\" target=\"_blank\" rel=\"noopener\">Gu\u00eda de certificaci\u00f3n<\/a>.<\/p>\n<p>O podr\u00e1n postularse a trav\u00e9s del siguiente <a href=\"\/quieres-certificarte\/\">formulario<\/a>.<\/p>\n<p>&nbsp;<\/p>\n<h3>Noticias Relacionadas<\/h3>\n<p>[trx_blogger style=\u00bbclassic_2&#8243; filters=\u00bbno\u00bb dir=\u00bbvertical\u00bb post_type=\u00bbpost\u00bb cat=\u00bb23&#8243; count=\u00bb3&#8243; offset=\u00bb0&#8243; orderby=\u00bbdate\u00bb order=\u00bbdesc\u00bb only=\u00bbno\u00bb scroll=\u00bbyes\u00bb controls=\u00bbno\u00bb rating=\u00bbno\u00bb info=\u00bbno\u00bb links=\u00bbyes\u00bb readmore=\u00bbLeer\u00bb descr=\u00bb0&#8243; width=\u00bb100%\u00bb height=\u00bb720&#8243;]<\/p>\n","protected":false},"excerpt":{"rendered":"<p>Es responsabilidad de toda empresa medir, mitigar, evitar, reducir y controlar los efectos que tienen sus procesos y productos en el ambiente y en la &hellip; <span class=\"ml-btn\"><a href=\"https:\/\/ambiente.mupa.gob.pa\/basuracero\/iniciativas-y-proyectos\/certificacion-empresarial\/\" class=\"more-link\">Read More<\/a><\/span><\/p>\n","protected":false},"author":12,"featured_media":0,"parent":197,"menu_order":3,"comment_status":"closed","ping_status":"closed","template":"","meta":{"footnotes":""},"class_list":["post-318","page","type-page","status-publish","hentry"],"_links":{"self":[{"href":"https:\/\/ambiente.mupa.gob.pa\/basuracero\/wp-json\/wp\/v2\/pages\/318","targetHints":{"allow":["GET"]}}],"collection":[{"href":"https:\/\/ambiente.mupa.gob.pa\/basuracero\/wp-json\/wp\/v2\/pages"}],"about":[{"href":"https:\/\/ambiente.mupa.gob.pa\/basuracero\/wp-json\/wp\/v2\/types\/page"}],"author":[{"embeddable":true,"href":"https:\/\/ambiente.mupa.gob.pa\/basuracero\/wp-json\/wp\/v2\/users\/12"}],"replies":[{"embeddable":true,"href":"https:\/\/ambiente.mupa.gob.pa\/basuracero\/wp-json\/wp\/v2\/comments?post=318"}],"version-history":[{"count":1,"href":"https:\/\/ambiente.mupa.gob.pa\/basuracero\/wp-json\/wp\/v2\/pages\/318\/revisions"}],"predecessor-version":[{"id":2733,"href":"https:\/\/ambiente.mupa.gob.pa\/basuracero\/wp-json\/wp\/v2\/pages\/318\/revisions\/2733"}],"up":[{"embeddable":true,"href":"https:\/\/ambiente.mupa.gob.pa\/basuracero\/wp-json\/wp\/v2\/pages\/197"}],"wp:attachment":[{"href":"https:\/\/ambiente.mupa.gob.pa\/basuracero\/wp-json\/wp\/v2\/media?parent=318"}],"curies":[{"name":"wp","href":"https:\/\/api.w.org\/{rel}","templated":true}]}}