{"id":321,"date":"2018-01-18T12:17:00","date_gmt":"2018-01-18T17:17:00","guid":{"rendered":"https:\/\/ambiente.mupa.gob.pa\/basuracero\/?page_id=321"},"modified":"2019-07-03T11:07:34","modified_gmt":"2019-07-03T16:07:34","slug":"centro-de-aprovechamiento-de-organicos","status":"publish","type":"page","link":"https:\/\/ambiente.mupa.gob.pa\/basuracero\/iniciativas-y-proyectos\/centro-de-aprovechamiento-de-organicos\/","title":{"rendered":"Centro de aprovechamiento de org\u00e1nicos"},"content":{"rendered":"<p>El Programa de acci\u00f3n de residuos y recursos (WRAP por sus siglas en ingl\u00e9s), del gobierno brit\u00e1nico, realiz\u00f3 para la Alcald\u00eda de Panam\u00e1 el <em>Plan de acci\u00f3n de residuos de alimentos <\/em>que busca hacer frente a estos problemas a trav\u00e9s de la prevenci\u00f3n y reducci\u00f3n de los desechos y canalizando los residuos de alimentos a quienes puedan aprovecharlos antes de sus caducidad o descomposici\u00f3n. Est\u00e1 basado en los principios que sustentan la jerarqu\u00eda de los desechos \u2013 reducir, reutilizar y reciclar. Esto no solo beneficiar\u00e1 al ambiente, sino que ayudar\u00e1 a alimentar a las personas que viven en pobreza y le ahorrar\u00e1 dinero a las empresas, consumidores y gobierno.<\/p>\n<p>Descargar <a href=\"https:\/\/ambiente.mupa.gob.pa\/basuracero\/wp-content\/uploads\/2018\/03\/Plan-de-accion-de-residuos-de-alimentos.pdf\">Plan de acci\u00f3n de residuos de alimentos<\/a>.<\/p>\n<p>Dado a este plan de acci\u00f3n hemos iniciado el\u00a0<em>Centro Educativo de Aprovechamiento de Residuos,<\/em>\u00a0un proyecto entre la Alcald\u00eda de Panam\u00e1 y el Instituto Paname\u00f1o de Habilitaci\u00f3n Especial (IPHE), y se desarrolla en su Escuela Vocacional Especial (EVE). El proyecto est\u00e1 enfocado en educar a la poblaci\u00f3n estudiantil y comunidad en general acerca del manejo adecuado de los residuos org\u00e1nicos e inorg\u00e1nicos dom\u00e9sticos.<\/p>\n<p>El proyecto busca transmitir el conocimiento para la elaboraci\u00f3n de compost y huertos urbanos.<\/p>\n<figure id=\"attachment_437\" aria-describedby=\"caption-attachment-437\" style=\"width: 750px\" class=\"wp-caption aligncenter\"><img loading=\"lazy\" decoding=\"async\" class=\"size-large_image wp-image-437\" src=\"https:\/\/ambiente.mupa.gob.pa\/basuracero\/wp-content\/uploads\/2018\/01\/IMG_7853-750x500.jpg\" alt=\"\" width=\"750\" height=\"500\" srcset=\"https:\/\/ambiente.mupa.gob.pa\/basuracero\/wp-content\/uploads\/2018\/01\/IMG_7853-750x500.jpg 750w, https:\/\/ambiente.mupa.gob.pa\/basuracero\/wp-content\/uploads\/2018\/01\/IMG_7853-300x200.jpg 300w, https:\/\/ambiente.mupa.gob.pa\/basuracero\/wp-content\/uploads\/2018\/01\/IMG_7853-768x512.jpg 768w, https:\/\/ambiente.mupa.gob.pa\/basuracero\/wp-content\/uploads\/2018\/01\/IMG_7853-1024x683.jpg 1024w, https:\/\/ambiente.mupa.gob.pa\/basuracero\/wp-content\/uploads\/2018\/01\/IMG_7853-1150x767.jpg 1150w, https:\/\/ambiente.mupa.gob.pa\/basuracero\/wp-content\/uploads\/2018\/01\/IMG_7853-400x267.jpg 400w, https:\/\/ambiente.mupa.gob.pa\/basuracero\/wp-content\/uploads\/2018\/01\/IMG_7853-250x167.jpg 250w, https:\/\/ambiente.mupa.gob.pa\/basuracero\/wp-content\/uploads\/2018\/01\/IMG_7853.jpg 2048w\" sizes=\"auto, (max-width: 750px) 100vw, 750px\" \/><figcaption id=\"caption-attachment-437\" class=\"wp-caption-text\">Centro educativo de aprovechamiento de residuos en la Escuela Vocacional Especial (EVE).<\/figcaption><\/figure>\n<figure id=\"attachment_3384\" aria-describedby=\"caption-attachment-3384\" style=\"width: 874px\" class=\"wp-caption aligncenter\"><img loading=\"lazy\" decoding=\"async\" class=\"wp-image-3384 \" src=\"https:\/\/ambiente.mupa.gob.pa\/basuracero\/wp-content\/uploads\/2019\/07\/MATERIA-PROCESADA-1024x574.png\" alt=\"\" width=\"874\" height=\"490\" srcset=\"https:\/\/ambiente.mupa.gob.pa\/basuracero\/wp-content\/uploads\/2019\/07\/MATERIA-PROCESADA-1024x574.png 1024w, https:\/\/ambiente.mupa.gob.pa\/basuracero\/wp-content\/uploads\/2019\/07\/MATERIA-PROCESADA-300x168.png 300w, https:\/\/ambiente.mupa.gob.pa\/basuracero\/wp-content\/uploads\/2019\/07\/MATERIA-PROCESADA-768x430.png 768w, https:\/\/ambiente.mupa.gob.pa\/basuracero\/wp-content\/uploads\/2019\/07\/MATERIA-PROCESADA-400x225.png 400w, https:\/\/ambiente.mupa.gob.pa\/basuracero\/wp-content\/uploads\/2019\/07\/MATERIA-PROCESADA-250x141.png 250w, https:\/\/ambiente.mupa.gob.pa\/basuracero\/wp-content\/uploads\/2019\/07\/MATERIA-PROCESADA-1150x644.png 1150w, https:\/\/ambiente.mupa.gob.pa\/basuracero\/wp-content\/uploads\/2019\/07\/MATERIA-PROCESADA-750x420.png 750w, https:\/\/ambiente.mupa.gob.pa\/basuracero\/wp-content\/uploads\/2019\/07\/MATERIA-PROCESADA-480x270.png 480w, https:\/\/ambiente.mupa.gob.pa\/basuracero\/wp-content\/uploads\/2019\/07\/MATERIA-PROCESADA.png 1624w\" sizes=\"auto, (max-width: 874px) 100vw, 874px\" \/><figcaption id=\"caption-attachment-3384\" class=\"wp-caption-text\">A la fecha se ha logrado procesar mas de 160 toneladas de materia org\u00e1nica proveniente de la poda y tala del arbolado p\u00fablico y residuos org\u00e1nicos de mercados municipales, como el abasto actual Merca Panam\u00e1. La frecuencia de recolecci\u00f3n es de 2 veces por semana y son dejadas aproximadamente de 1 a 2 toneladas de residuos para su compostaje en el proyecto.<\/figcaption><\/figure>\n<div id='gallery-1' class='gallery galleryid-321 gallery-columns-5 gallery-size-medium'><figure class='gallery-item'>\n\t\t\t<div class='gallery-icon landscape'>\n\t\t\t\t<a href='https:\/\/ambiente.mupa.gob.pa\/basuracero\/wp-content\/uploads\/2017\/07\/IMG_7853.jpg'><img loading=\"lazy\" decoding=\"async\" width=\"300\" height=\"200\" src=\"https:\/\/ambiente.mupa.gob.pa\/basuracero\/wp-content\/uploads\/2017\/07\/IMG_7853-300x200.jpg\" class=\"attachment-medium size-medium\" alt=\"\" srcset=\"https:\/\/ambiente.mupa.gob.pa\/basuracero\/wp-content\/uploads\/2017\/07\/IMG_7853-300x200.jpg 300w, https:\/\/ambiente.mupa.gob.pa\/basuracero\/wp-content\/uploads\/2017\/07\/IMG_7853-768x512.jpg 768w, https:\/\/ambiente.mupa.gob.pa\/basuracero\/wp-content\/uploads\/2017\/07\/IMG_7853-750x500.jpg 750w, https:\/\/ambiente.mupa.gob.pa\/basuracero\/wp-content\/uploads\/2017\/07\/IMG_7853-400x267.jpg 400w, https:\/\/ambiente.mupa.gob.pa\/basuracero\/wp-content\/uploads\/2017\/07\/IMG_7853-250x167.jpg 250w, https:\/\/ambiente.mupa.gob.pa\/basuracero\/wp-content\/uploads\/2017\/07\/IMG_7853.jpg 1000w\" sizes=\"auto, (max-width: 300px) 100vw, 300px\" \/><\/a>\n\t\t\t<\/div><\/figure><figure class='gallery-item'>\n\t\t\t<div class='gallery-icon landscape'>\n\t\t\t\t<a href='https:\/\/ambiente.mupa.gob.pa\/basuracero\/wp-content\/uploads\/2017\/07\/IMG_7866.jpg'><img loading=\"lazy\" decoding=\"async\" width=\"300\" height=\"231\" src=\"https:\/\/ambiente.mupa.gob.pa\/basuracero\/wp-content\/uploads\/2017\/07\/IMG_7866-300x231.jpg\" class=\"attachment-medium size-medium\" alt=\"\" srcset=\"https:\/\/ambiente.mupa.gob.pa\/basuracero\/wp-content\/uploads\/2017\/07\/IMG_7866-300x231.jpg 300w, https:\/\/ambiente.mupa.gob.pa\/basuracero\/wp-content\/uploads\/2017\/07\/IMG_7866-768x591.jpg 768w, https:\/\/ambiente.mupa.gob.pa\/basuracero\/wp-content\/uploads\/2017\/07\/IMG_7866-750x577.jpg 750w, https:\/\/ambiente.mupa.gob.pa\/basuracero\/wp-content\/uploads\/2017\/07\/IMG_7866-400x308.jpg 400w, https:\/\/ambiente.mupa.gob.pa\/basuracero\/wp-content\/uploads\/2017\/07\/IMG_7866-250x192.jpg 250w, https:\/\/ambiente.mupa.gob.pa\/basuracero\/wp-content\/uploads\/2017\/07\/IMG_7866.jpg 1000w\" sizes=\"auto, (max-width: 300px) 100vw, 300px\" \/><\/a>\n\t\t\t<\/div><\/figure><figure class='gallery-item'>\n\t\t\t<div class='gallery-icon landscape'>\n\t\t\t\t<a href='https:\/\/ambiente.mupa.gob.pa\/basuracero\/wp-content\/uploads\/2017\/07\/IMG_7814.jpg'><img loading=\"lazy\" decoding=\"async\" width=\"300\" height=\"164\" src=\"https:\/\/ambiente.mupa.gob.pa\/basuracero\/wp-content\/uploads\/2017\/07\/IMG_7814-300x164.jpg\" class=\"attachment-medium size-medium\" alt=\"\" srcset=\"https:\/\/ambiente.mupa.gob.pa\/basuracero\/wp-content\/uploads\/2017\/07\/IMG_7814-300x164.jpg 300w, https:\/\/ambiente.mupa.gob.pa\/basuracero\/wp-content\/uploads\/2017\/07\/IMG_7814-768x420.jpg 768w, https:\/\/ambiente.mupa.gob.pa\/basuracero\/wp-content\/uploads\/2017\/07\/IMG_7814-750x410.jpg 750w, https:\/\/ambiente.mupa.gob.pa\/basuracero\/wp-content\/uploads\/2017\/07\/IMG_7814-400x219.jpg 400w, https:\/\/ambiente.mupa.gob.pa\/basuracero\/wp-content\/uploads\/2017\/07\/IMG_7814-250x137.jpg 250w, https:\/\/ambiente.mupa.gob.pa\/basuracero\/wp-content\/uploads\/2017\/07\/IMG_7814.jpg 1000w\" sizes=\"auto, (max-width: 300px) 100vw, 300px\" \/><\/a>\n\t\t\t<\/div><\/figure><figure class='gallery-item'>\n\t\t\t<div class='gallery-icon landscape'>\n\t\t\t\t<a href='https:\/\/ambiente.mupa.gob.pa\/basuracero\/wp-content\/uploads\/2017\/07\/IMG_7803.jpg'><img loading=\"lazy\" decoding=\"async\" width=\"300\" height=\"176\" src=\"https:\/\/ambiente.mupa.gob.pa\/basuracero\/wp-content\/uploads\/2017\/07\/IMG_7803-300x176.jpg\" class=\"attachment-medium size-medium\" alt=\"\" srcset=\"https:\/\/ambiente.mupa.gob.pa\/basuracero\/wp-content\/uploads\/2017\/07\/IMG_7803-300x176.jpg 300w, https:\/\/ambiente.mupa.gob.pa\/basuracero\/wp-content\/uploads\/2017\/07\/IMG_7803-768x451.jpg 768w, https:\/\/ambiente.mupa.gob.pa\/basuracero\/wp-content\/uploads\/2017\/07\/IMG_7803-750x440.jpg 750w, https:\/\/ambiente.mupa.gob.pa\/basuracero\/wp-content\/uploads\/2017\/07\/IMG_7803-400x235.jpg 400w, https:\/\/ambiente.mupa.gob.pa\/basuracero\/wp-content\/uploads\/2017\/07\/IMG_7803-250x147.jpg 250w, https:\/\/ambiente.mupa.gob.pa\/basuracero\/wp-content\/uploads\/2017\/07\/IMG_7803.jpg 1000w\" sizes=\"auto, (max-width: 300px) 100vw, 300px\" \/><\/a>\n\t\t\t<\/div><\/figure><figure class='gallery-item'>\n\t\t\t<div class='gallery-icon landscape'>\n\t\t\t\t<a href='https:\/\/ambiente.mupa.gob.pa\/basuracero\/wp-content\/uploads\/2017\/07\/IMG_7776.jpg'><img loading=\"lazy\" decoding=\"async\" width=\"300\" height=\"200\" src=\"https:\/\/ambiente.mupa.gob.pa\/basuracero\/wp-content\/uploads\/2017\/07\/IMG_7776-300x200.jpg\" class=\"attachment-medium size-medium\" alt=\"\" srcset=\"https:\/\/ambiente.mupa.gob.pa\/basuracero\/wp-content\/uploads\/2017\/07\/IMG_7776-300x200.jpg 300w, https:\/\/ambiente.mupa.gob.pa\/basuracero\/wp-content\/uploads\/2017\/07\/IMG_7776-768x512.jpg 768w, https:\/\/ambiente.mupa.gob.pa\/basuracero\/wp-content\/uploads\/2017\/07\/IMG_7776-1024x683.jpg 1024w, https:\/\/ambiente.mupa.gob.pa\/basuracero\/wp-content\/uploads\/2017\/07\/IMG_7776-1150x767.jpg 1150w, https:\/\/ambiente.mupa.gob.pa\/basuracero\/wp-content\/uploads\/2017\/07\/IMG_7776-750x500.jpg 750w, https:\/\/ambiente.mupa.gob.pa\/basuracero\/wp-content\/uploads\/2017\/07\/IMG_7776-400x267.jpg 400w, https:\/\/ambiente.mupa.gob.pa\/basuracero\/wp-content\/uploads\/2017\/07\/IMG_7776-250x167.jpg 250w, https:\/\/ambiente.mupa.gob.pa\/basuracero\/wp-content\/uploads\/2017\/07\/IMG_7776.jpg 2048w\" sizes=\"auto, (max-width: 300px) 100vw, 300px\" \/><\/a>\n\t\t\t<\/div><\/figure><figure class='gallery-item'>\n\t\t\t<div class='gallery-icon landscape'>\n\t\t\t\t<a href='https:\/\/ambiente.mupa.gob.pa\/basuracero\/wp-content\/uploads\/2017\/07\/IMG_7768.jpg'><img loading=\"lazy\" decoding=\"async\" width=\"300\" height=\"193\" src=\"https:\/\/ambiente.mupa.gob.pa\/basuracero\/wp-content\/uploads\/2017\/07\/IMG_7768-300x193.jpg\" class=\"attachment-medium size-medium\" alt=\"\" srcset=\"https:\/\/ambiente.mupa.gob.pa\/basuracero\/wp-content\/uploads\/2017\/07\/IMG_7768-300x193.jpg 300w, https:\/\/ambiente.mupa.gob.pa\/basuracero\/wp-content\/uploads\/2017\/07\/IMG_7768-768x494.jpg 768w, https:\/\/ambiente.mupa.gob.pa\/basuracero\/wp-content\/uploads\/2017\/07\/IMG_7768-750x482.jpg 750w, https:\/\/ambiente.mupa.gob.pa\/basuracero\/wp-content\/uploads\/2017\/07\/IMG_7768-400x257.jpg 400w, https:\/\/ambiente.mupa.gob.pa\/basuracero\/wp-content\/uploads\/2017\/07\/IMG_7768-250x161.jpg 250w, https:\/\/ambiente.mupa.gob.pa\/basuracero\/wp-content\/uploads\/2017\/07\/IMG_7768.jpg 1000w\" sizes=\"auto, (max-width: 300px) 100vw, 300px\" \/><\/a>\n\t\t\t<\/div><\/figure><figure class='gallery-item'>\n\t\t\t<div class='gallery-icon landscape'>\n\t\t\t\t<a href='https:\/\/ambiente.mupa.gob.pa\/basuracero\/wp-content\/uploads\/2017\/07\/2e1ax_origami_entry_IMG_7853-1.jpg'><img loading=\"lazy\" decoding=\"async\" width=\"300\" height=\"200\" src=\"https:\/\/ambiente.mupa.gob.pa\/basuracero\/wp-content\/uploads\/2017\/07\/2e1ax_origami_entry_IMG_7853-1-300x200.jpg\" class=\"attachment-medium size-medium\" alt=\"\" srcset=\"https:\/\/ambiente.mupa.gob.pa\/basuracero\/wp-content\/uploads\/2017\/07\/2e1ax_origami_entry_IMG_7853-1-300x200.jpg 300w, https:\/\/ambiente.mupa.gob.pa\/basuracero\/wp-content\/uploads\/2017\/07\/2e1ax_origami_entry_IMG_7853-1-400x267.jpg 400w, https:\/\/ambiente.mupa.gob.pa\/basuracero\/wp-content\/uploads\/2017\/07\/2e1ax_origami_entry_IMG_7853-1-250x167.jpg 250w, https:\/\/ambiente.mupa.gob.pa\/basuracero\/wp-content\/uploads\/2017\/07\/2e1ax_origami_entry_IMG_7853-1.jpg 599w\" sizes=\"auto, (max-width: 300px) 100vw, 300px\" \/><\/a>\n\t\t\t<\/div><\/figure>\n\t\t<\/div>\n\n","protected":false},"excerpt":{"rendered":"<p>El Programa de acci\u00f3n de residuos y recursos (WRAP por sus siglas en ingl\u00e9s), del gobierno brit\u00e1nico, realiz\u00f3 para la Alcald\u00eda de Panam\u00e1 el Plan &hellip; <span class=\"ml-btn\"><a href=\"https:\/\/ambiente.mupa.gob.pa\/basuracero\/iniciativas-y-proyectos\/centro-de-aprovechamiento-de-organicos\/\" class=\"more-link\">Read More<\/a><\/span><\/p>\n","protected":false},"author":12,"featured_media":0,"parent":197,"menu_order":2,"comment_status":"closed","ping_status":"closed","template":"","meta":{"footnotes":""},"class_list":["post-321","page","type-page","status-publish","hentry"],"_links":{"self":[{"href":"https:\/\/ambiente.mupa.gob.pa\/basuracero\/wp-json\/wp\/v2\/pages\/321","targetHints":{"allow":["GET"]}}],"collection":[{"href":"https:\/\/ambiente.mupa.gob.pa\/basuracero\/wp-json\/wp\/v2\/pages"}],"about":[{"href":"https:\/\/ambiente.mupa.gob.pa\/basuracero\/wp-json\/wp\/v2\/types\/page"}],"author":[{"embeddable":true,"href":"https:\/\/ambiente.mupa.gob.pa\/basuracero\/wp-json\/wp\/v2\/users\/12"}],"replies":[{"embeddable":true,"href":"https:\/\/ambiente.mupa.gob.pa\/basuracero\/wp-json\/wp\/v2\/comments?post=321"}],"version-history":[{"count":5,"href":"https:\/\/ambiente.mupa.gob.pa\/basuracero\/wp-json\/wp\/v2\/pages\/321\/revisions"}],"predecessor-version":[{"id":3391,"href":"https:\/\/ambiente.mupa.gob.pa\/basuracero\/wp-json\/wp\/v2\/pages\/321\/revisions\/3391"}],"up":[{"embeddable":true,"href":"https:\/\/ambiente.mupa.gob.pa\/basuracero\/wp-json\/wp\/v2\/pages\/197"}],"wp:attachment":[{"href":"https:\/\/ambiente.mupa.gob.pa\/basuracero\/wp-json\/wp\/v2\/media?parent=321"}],"curies":[{"name":"wp","href":"https:\/\/api.w.org\/{rel}","templated":true}]}}