{"id":327,"date":"2018-01-18T12:24:43","date_gmt":"2018-01-18T17:24:43","guid":{"rendered":"https:\/\/ambiente.mupa.gob.pa\/basuracero\/?page_id=327"},"modified":"2018-04-05T16:04:56","modified_gmt":"2018-04-05T21:04:56","slug":"camara-de-reciclaje-de-panama","status":"publish","type":"page","link":"https:\/\/ambiente.mupa.gob.pa\/basuracero\/iniciativas-y-proyectos\/camara-de-reciclaje-de-panama\/","title":{"rendered":"C\u00e1mara de reciclaje de Panam\u00e1"},"content":{"rendered":"<p>Desde el Municipio de Panam\u00e1 se impulsan muchas iniciativas privadas. Una de ella es la C\u00e1mara Paname\u00f1a de Reciclaje, constituida en agosto 2017 y tiene como fin promover el reciclaje en el pa\u00eds e incentivar colaboraci\u00f3n e intercambio entre sus miembros, lo cuales podemos destacar a Red Ecologica, Recimetal S.A., La Casa de las Bater\u00edas, Felipe Motta, por mencionar algunos.<\/p>\n<p>Conoce m\u00e1s de ellos a trav\u00e9s de <a href=\"http:\/\/www.crpanama.org\/\" target=\"_blank\" rel=\"noopener\">www.crpanama.org<\/a><\/p>\n<figure id=\"attachment_933\" aria-describedby=\"caption-attachment-933\" style=\"width: 533px\" class=\"wp-caption aligncenter\"><img loading=\"lazy\" decoding=\"async\" class=\"wp-image-933 size-full\" src=\"https:\/\/ambiente.mupa.gob.pa\/basuracero\/wp-content\/uploads\/2018\/02\/2e1ax_origami_entry_2.jpg\" alt=\"\" width=\"533\" height=\"400\" srcset=\"https:\/\/ambiente.mupa.gob.pa\/basuracero\/wp-content\/uploads\/2018\/02\/2e1ax_origami_entry_2.jpg 533w, https:\/\/ambiente.mupa.gob.pa\/basuracero\/wp-content\/uploads\/2018\/02\/2e1ax_origami_entry_2-300x225.png 300w, https:\/\/ambiente.mupa.gob.pa\/basuracero\/wp-content\/uploads\/2018\/02\/2e1ax_origami_entry_2-400x300.png 400w, https:\/\/ambiente.mupa.gob.pa\/basuracero\/wp-content\/uploads\/2018\/02\/2e1ax_origami_entry_2-250x188.png 250w\" sizes=\"auto, (max-width: 533px) 100vw, 533px\" \/><figcaption id=\"caption-attachment-933\" class=\"wp-caption-text\">Primera Junta Directiva conformada.<\/figcaption><\/figure>\n<p>&nbsp;<\/p>\n<h3>Noticias Relacionadas<\/h3>\n<p>[trx_blogger style=\u00bbclassic_2&#8243; filters=\u00bbno\u00bb dir=\u00bbvertical\u00bb post_type=\u00bbpost\u00bb cat=\u00bb25&#8243; count=\u00bb3&#8243; offset=\u00bb0&#8243; orderby=\u00bbdate\u00bb order=\u00bbdesc\u00bb only=\u00bbno\u00bb scroll=\u00bbyes\u00bb controls=\u00bbno\u00bb rating=\u00bbno\u00bb info=\u00bbno\u00bb links=\u00bbyes\u00bb readmore=\u00bbLeer\u00bb descr=\u00bb0&#8243; width=\u00bb100%\u00bb height=\u00bb720&#8243;]<\/p>\n","protected":false},"excerpt":{"rendered":"<p>Desde el Municipio de Panam\u00e1 se impulsan muchas iniciativas privadas. Una de ella es la C\u00e1mara Paname\u00f1a de Reciclaje, constituida en agosto 2017 y tiene &hellip; <span class=\"ml-btn\"><a href=\"https:\/\/ambiente.mupa.gob.pa\/basuracero\/iniciativas-y-proyectos\/camara-de-reciclaje-de-panama\/\" class=\"more-link\">Read More<\/a><\/span><\/p>\n","protected":false},"author":12,"featured_media":0,"parent":197,"menu_order":6,"comment_status":"closed","ping_status":"closed","template":"","meta":{"footnotes":""},"class_list":["post-327","page","type-page","status-publish","hentry"],"_links":{"self":[{"href":"https:\/\/ambiente.mupa.gob.pa\/basuracero\/wp-json\/wp\/v2\/pages\/327","targetHints":{"allow":["GET"]}}],"collection":[{"href":"https:\/\/ambiente.mupa.gob.pa\/basuracero\/wp-json\/wp\/v2\/pages"}],"about":[{"href":"https:\/\/ambiente.mupa.gob.pa\/basuracero\/wp-json\/wp\/v2\/types\/page"}],"author":[{"embeddable":true,"href":"https:\/\/ambiente.mupa.gob.pa\/basuracero\/wp-json\/wp\/v2\/users\/12"}],"replies":[{"embeddable":true,"href":"https:\/\/ambiente.mupa.gob.pa\/basuracero\/wp-json\/wp\/v2\/comments?post=327"}],"version-history":[{"count":0,"href":"https:\/\/ambiente.mupa.gob.pa\/basuracero\/wp-json\/wp\/v2\/pages\/327\/revisions"}],"up":[{"embeddable":true,"href":"https:\/\/ambiente.mupa.gob.pa\/basuracero\/wp-json\/wp\/v2\/pages\/197"}],"wp:attachment":[{"href":"https:\/\/ambiente.mupa.gob.pa\/basuracero\/wp-json\/wp\/v2\/media?parent=327"}],"curies":[{"name":"wp","href":"https:\/\/api.w.org\/{rel}","templated":true}]}}