{"id":345,"date":"2018-01-18T12:54:50","date_gmt":"2018-01-18T17:54:50","guid":{"rendered":"https:\/\/ambiente.mupa.gob.pa\/basuracero\/?page_id=345"},"modified":"2025-10-08T15:51:45","modified_gmt":"2025-10-08T20:51:45","slug":"inicio","status":"publish","type":"page","link":"https:\/\/ambiente.mupa.gob.pa\/basuracero\/inicio\/","title":{"rendered":"Inicio"},"content":{"rendered":"<!--vcv no format--><!-- vcwb\/dynamicElementComment:77b7bad8 --><div class=\"vce-row-container\" data-vce-boxed-width=\"true\"><div class=\"vce-row vce-row--col-gap-30 vce-row-equal-height vce-row-content--top\" id=\"el-77b7bad8\" data-vce-do-apply=\"all el-77b7bad8\"><div class=\"vce-row-content\" data-vce-element-content=\"true\"><!-- vcwb\/dynamicElementComment:c82c59ea --><div class=\"vce-col vce-col--md-auto vce-col--xs-1 vce-col--xs-last vce-col--xs-first vce-col--sm-last vce-col--sm-first vce-col--md-last vce-col--lg-last vce-col--xl-last vce-col--md-first vce-col--lg-first vce-col--xl-first\" id=\"el-c82c59ea\"><div class=\"vce-col-inner\" data-vce-do-apply=\"border margin background  el-c82c59ea\"><div class=\"vce-col-content\" data-vce-element-content=\"true\" data-vce-do-apply=\"padding el-c82c59ea\"><!-- vcwb\/dynamicElementComment:baf85685 --><!-- \/vcwb\/dynamicElementComment:baf85685 --><!-- vcwb\/dynamicElementComment:34dae6e5 --><!-- \/vcwb\/dynamicElementComment:34dae6e5 --><!-- vcwb\/dynamicElementComment:843cbe27 --><div class=\"vce-shortcode\"><div class=\"vce-shortcode-wrapper vce\" id=\"el-843cbe27\" data-vce-do-apply=\"all el-843cbe27\">        \n        <div id=\"notimupa_4731\" class=\"notimupa-container\">\n            <div class=\"notimupa-carousel-container\">\n                <div class=\"notimupa-carousel-track\">\n                    <!-- Las tarjetas se generar\u00e1n din\u00e1micamente -->\n                <\/div>\n            <\/div>\n        <\/div>\n\n        <!-- Vista detallada -->\n        <div class=\"notimupa-detail\" style=\"display: none;\">\n            <div class=\"notimupa-header\">\n                <button class=\"notimupa-back-button\">\n                    <i class=\"fas fa-arrow-left\"><\/i> Volver\n                <\/button>\n                <div class=\"notimupa-date\"><\/div>\n                <h2 class=\"notimupa-title\"><\/h2>\n            <\/div>\n            \n            <div class=\"notimupa-featured-image\">\n                <img decoding=\"async\" src=\"\" alt=\"\">\n            <\/div>\n            \n            <div class=\"notimupa-content\"><\/div>\n            \n            <div class=\"notimupa-gallery\" style=\"display: none;\">\n                <h3>Galer\u00eda de im\u00e1genes<\/h3>\n                <div class=\"notimupa-gallery-grid\"><\/div>\n            <\/div>\n        <\/div>\n\n        <!-- Modal para galer\u00eda -->\n        <div class=\"notimupa-modal\" style=\"display: none;\">\n            <div class=\"notimupa-modal-content\">\n                <span class=\"notimupa-modal-close\">&times;<\/span>\n                <button class=\"notimupa-modal-nav notimupa-modal-prev\">\n                    <i class=\"fas fa-chevron-left\"><\/i>\n                <\/button>\n                <img decoding=\"async\" class=\"notimupa-modal-image\" src=\"\" alt=\"\">\n                <button class=\"notimupa-modal-nav notimupa-modal-next\">\n                    <i class=\"fas fa-chevron-right\"><\/i>\n                <\/button>\n            <\/div>\n        <\/div>\n\n        <style>\n        #notimupa_4731 .notimupa-card-title {\n            color: #333333 !important;\n        }\n        \n        #notimupa_4731 .notimupa-card {\n            background-color: #ffffff !important;\n        }\n        \n        #notimupa_4731 .notimupa-card-date i,\n        #notimupa_4731 .notimupa-read-more,\n        #notimupa_4731 .notimupa-back-button {\n            color: #0066cc !important;\n        }\n        \n        #notimupa_4731 .notimupa-back-button {\n            background-color: #0066cc !important;\n        }\n        <\/style>\n\n        <script>\n        (function($) {\n            var container = $('#notimupa_4731');\n            var apiUrl = 'https:\/\/mupa.gob.pa\/wp-json\/wp\/v2\/posts';\n            var category = '1815';\n            var posts = '20';\n            var order = 'desc';\n            \n            \/\/ Construir URL - solo agregar categor\u00eda si est\u00e1 especificada\n            var fullUrl = apiUrl + '?_embed&per_page=' + posts + '&orderby=date&order=' + order;\n            if (category && category.trim() !== '') {\n                fullUrl += '&categories=' + category;\n            }\n            \n            var newsData = [];\n            var galleryImages = [];\n            var currentGalleryIndex = 0;\n            \n            \/\/ Inicializar el carrusel\n            initCarousel();\n            \n            function initCarousel() {\n                var track = container.find('.notimupa-carousel-track');\n                track.html('<div class=\"notimupa-loading\">Cargando noticias...<\/div>');\n                \n                $.ajax({\n                    url: fullUrl,\n                    type: 'GET',\n                    success: function(data) {\n                        newsData = data;\n                        renderCards();\n                    },\n                    error: function() {\n                        track.html('<div class=\"notimupa-error\">Error al cargar las noticias<\/div>');\n                    }\n                });\n            }\n            \n            function renderCards() {\n                var track = container.find('.notimupa-carousel-track');\n                track.empty();\n                \n                $.each(newsData, function(index, item) {\n                    var card = createCard(item, index);\n                    track.append(card);\n                });\n                \n                \/\/ Duplicar para efecto infinito\n                $.each(newsData, function(index, item) {\n                    var card = createCard(item, index);\n                    track.append(card);\n                });\n                \n                \/\/ Aplicar animaci\u00f3n\n                track.css('animation', 'notimupa-scroll 40s linear infinite');\n            }\n            \n            function createCard(item, index) {\n                var imageUrl = 'https:\/\/via.placeholder.com\/300x200\/cccccc\/666666?text=MUPA';\n                if (item._embedded && item._embedded['wp:featuredmedia'] && item._embedded['wp:featuredmedia'][0]) {\n                    imageUrl = item._embedded['wp:featuredmedia'][0].source_url;\n                }\n                \n                var title = item.title.rendered || 'Sin t\u00edtulo';\n                var date = new Date(item.date);\n                var formattedDate = date.toLocaleDateString('es-ES', { \n                    year: 'numeric', \n                    month: 'short', \n                    day: 'numeric' \n                });\n                \n                var excerpt = item.excerpt.rendered || 'No hay descripci\u00f3n disponible.';\n                excerpt = excerpt.replace(\/<[^>]*>\/g, '').replace(\/\\[&hellip;\\]\/, '...');\n                if (excerpt.length > 120) {\n                    excerpt = excerpt.substring(0, 120) + '...';\n                }\n                \n                var card = $(`\n                    <div class=\"notimupa-card\" data-index=\"${index}\">\n                        <div class=\"notimupa-card-image-container\">\n                            <img decoding=\"async\" src=\"${imageUrl}\" alt=\"${title}\" class=\"notimupa-card-image\">\n                        <\/div>\n                        <div class=\"notimupa-card-content\">\n                            <h3 class=\"notimupa-card-title\">${title}<\/h3>\n                            <div class=\"notimupa-card-date\">\n                                <i class=\"fas fa-calendar-alt\"><\/i>\n                                <span>${formattedDate}<\/span>\n                            <\/div>\n                            <p class=\"notimupa-card-excerpt\">${excerpt}<\/p>\n                            <a href=\"#\" class=\"notimupa-read-more\">Ver m\u00e1s<\/a>\n                        <\/div>\n                    <\/div>\n                `);\n                \n                card.click(function(e) {\n                    e.preventDefault();\n                    showDetail(index);\n                });\n                \n                return card;\n            }\n            \n            function showDetail(index) {\n                var item = newsData[index];\n                var detail = container.siblings('.notimupa-detail').first();\n                \n                var date = new Date(item.date);\n                var formattedDate = date.toLocaleDateString('es-ES', { \n                    year: 'numeric', \n                    month: 'long', \n                    day: 'numeric' \n                });\n                \n                detail.find('.notimupa-date').html(`<i class=\"fas fa-calendar-alt\"><\/i> Publicado el ${formattedDate}`);\n                detail.find('.notimupa-title').text(item.title.rendered || 'Sin t\u00edtulo');\n                \n                \/\/ Imagen destacada\n                var featuredContainer = detail.find('.notimupa-featured-image');\n                if (item._embedded && item._embedded['wp:featuredmedia'] && item._embedded['wp:featuredmedia'][0]) {\n                    var imageUrl = item._embedded['wp:featuredmedia'][0].source_url;\n                    featuredContainer.show().find('img').attr('src', imageUrl);\n                } else {\n                    featuredContainer.hide();\n                }\n                \n                \/\/ Contenido y galer\u00eda\n                var content = item.content.rendered || 'No hay contenido disponible.';\n                var result = extractAndCleanImages(content);\n                \n                detail.find('.notimupa-content').html(result.cleanContent);\n                \n                if (result.images.length > 0) {\n                    createGallery(result.images, detail);\n                } else {\n                    detail.find('.notimupa-gallery').hide();\n                }\n                \n                detail.show();\n                $('body').css('overflow', 'hidden');\n            }\n            \n            function extractAndCleanImages(content) {\n                var images = [];\n                var imgRegex = \/<img[^>]+src=\"([^\">]+)\"[^>]*>\/g;\n                var match;\n                \n                while ((match = imgRegex.exec(content)) !== null) {\n                    images.push({\n                        src: match[1],\n                        alt: `Imagen ${images.length + 1}`\n                    });\n                }\n                \n                var cleanContent = content;\n                cleanContent = cleanContent.replace(\/<img[^>]*>\/g, '');\n                cleanContent = cleanContent.replace(\/<div[^>]*>\/g, '').replace(\/<\\\/div>\/g, '');\n                cleanContent = cleanContent.replace(\/<section[^>]*>\/g, '').replace(\/<\\\/section>\/g, '');\n                cleanContent = cleanContent.replace(\/<p[^>]*>\/g, '<p>');\n                \n                return { cleanContent: cleanContent, images: images };\n            }\n            \n            function createGallery(images, detail) {\n                galleryImages = images;\n                var grid = detail.find('.notimupa-gallery-grid');\n                grid.empty();\n                \n                if (images.length > 0) {\n                    detail.find('.notimupa-gallery').show();\n                    \n                    $.each(images, function(index, img) {\n                        var item = $(`<div class=\"notimupa-gallery-item\"><img decoding=\"async\" src=\"${img.src}\" alt=\"${img.alt}\"><\/div>`);\n                        item.click(function() {\n                            openModal(index);\n                        });\n                        grid.append(item);\n                    });\n                }\n            }\n            \n            function openModal(index) {\n                currentGalleryIndex = index;\n                var modal = container.siblings('.notimupa-modal').first();\n                modal.find('.notimupa-modal-image').attr('src', galleryImages[index].src);\n                modal.show();\n            }\n            \n            \/\/ Event listeners\n            $(document).on('click', '.notimupa-back-button', function() {\n                $(this).closest('.notimupa-detail').hide();\n                $('body').css('overflow', 'auto');\n            });\n            \n            $(document).on('click', '.notimupa-modal-close', function() {\n                $(this).closest('.notimupa-modal').hide();\n            });\n            \n            $(document).on('click', '.notimupa-modal-prev', function() {\n                currentGalleryIndex = (currentGalleryIndex - 1 + galleryImages.length) % galleryImages.length;\n                var modal = $(this).closest('.notimupa-modal');\n                modal.find('.notimupa-modal-image').attr('src', galleryImages[currentGalleryIndex].src);\n            });\n            \n            $(document).on('click', '.notimupa-modal-next', function() {\n                currentGalleryIndex = (currentGalleryIndex + 1) % galleryImages.length;\n                var modal = $(this).closest('.notimupa-modal');\n                modal.find('.notimupa-modal-image').attr('src', galleryImages[currentGalleryIndex].src);\n            });\n            \n            $(document).keydown(function(e) {\n                if (e.key === 'Escape') {\n                    $('.notimupa-modal:visible, .notimupa-detail:visible').hide();\n                    $('body').css('overflow', 'auto');\n                }\n            });\n            \n        })(jQuery);\n        <\/script>\n        \n        <\/div><\/div><!-- \/vcwb\/dynamicElementComment:843cbe27 --><!-- vcwb\/dynamicElementComment:baf85685 --><div class=\"vce-single-image-container vce-single-image--align-left\"><div class=\"vce vce-single-image-wrapper\" id=\"el-baf85685\" data-vce-do-apply=\"all el-baf85685\"><figure><div class=\"vce-single-image-figure-inner\" style=\"width: 1024px;\"><div class=\"vce-single-image-inner vce-single-image--absolute\" style=\"width: 100%; padding-bottom: 31.25%;\"><img loading=\"lazy\" decoding=\"async\" class=\"vce-single-image\"  width=\"1024\" height=\"320\" srcset=\"|!|vcvUploadUrl|!|\/2025\/10\/Octubre-2025-MES-Cinta-Rosada-y-Celeste-WEB-1024x320.jpg 1024w, |!|vcvUploadUrl|!|\/2025\/10\/Octubre-2025-MES-Cinta-Rosada-y-Celeste-WEB-2048x640.jpg 2x, |!|vcvUploadUrl|!|\/2025\/10\/Octubre-2025-MES-Cinta-Rosada-y-Celeste-WEB-320x100.jpg 320w, |!|vcvUploadUrl|!|\/2025\/10\/Octubre-2025-MES-Cinta-Rosada-y-Celeste-WEB-480x150.jpg 480w, |!|vcvUploadUrl|!|\/2025\/10\/Octubre-2025-MES-Cinta-Rosada-y-Celeste-WEB-800x250.jpg 800w\" src=\"|!|vcvUploadUrl|!|\/2025\/10\/Octubre-2025-MES-Cinta-Rosada-y-Celeste-WEB-1024x320.jpg\" data-img-src=\"|!|vcvUploadUrl|!|\/2025\/10\/Octubre-2025-MES-Cinta-Rosada-y-Celeste-WEB.jpg\" data-attachment-id=\"3505\"  alt=\"\" title=\"Octubre-2025-MES-Cinta-Rosada-y-Celeste-WEB\" \/><\/div><\/div><figcaption hidden=\"\"><\/figcaption><\/figure><\/div><\/div><!-- \/vcwb\/dynamicElementComment:baf85685 --><!-- vcwb\/dynamicElementComment:34dae6e5 --><div class=\"vce-text-block\"><div class=\"vce-text-block-wrapper vce\" id=\"el-34dae6e5\" data-vce-do-apply=\"all el-34dae6e5\"><p>\u00bfQu\u00e9 es el programa Basura Cero?<\/p>\n<p>El Programa Basura Cero 2015-2035 del Municipio de Panam\u00e1 tiene como objetivo general reducir la disposici\u00f3n de residuos a trav\u00e9s de la implementaci\u00f3n de las llamadas tres erres (reducir, reutilizar y reciclar) a trav\u00e9s de programas de sensibilizaci\u00f3n, log\u00edstica, normatividad y fortalecimiento institucional, as\u00ed como a trav\u00e9s de una econom\u00eda de mercado con el fin de contribuir a la calidad de vida de los habitantes de la ciudad de Panam\u00e1.<\/p>\n<p><a href=\"|!|vcvUploadUrl|!|\/2018\/03\/LIBRO-BASURA-CERO-2016-1era-Edicio\u0301n.pdf\">LIBRO BASURA CERO 2016-1era Edicio\u0301n<\/a><\/p>\n<p>\u00abComponentes del programa y sus objetivos\u00bb<br>\nSensibilizaci\u00f3n En todos los niveles, en las escuelas y los barrios es fundamental integrar valores, conocimiento y pr\u00e1cticas del manejo integral de residuos en la educaci\u00f3n formal, informal y de forma masiva.<br>\nLog\u00edstica. Recolecci\u00f3n segregada en la fuente, puntos limpios, centros de acopio, y otros.<br>\nNormatividad y fortalecimiento institucional.Al nivel local es necesario aplicar la norma vigente, revisarla y adecuarla. Al nivel nacional, es importante incidir para modernizar las leyes vigentes y llenar vac\u00edos de la normativa.<br>\nEconom\u00eda de Mercado.Promoci\u00f3n de una econom\u00eda&nbsp;basada en residuos con inclusi\u00f3n social. Por ejemplo, impulsamos la participaci\u00f3n y fortalecimiento del Movimiento Nacional de Recicladores de Panam\u00e1, y tambi\u00e9n el Programa promueve una econom\u00eda de mercado desde la micro empresa, cooperativas y otras empresas sean beneficiadas.<br>\nSeguimiento y evaluaci\u00f3n. Es el seguimiento, monitoreo, evaluaciones y adecuaciones del Programa a trav\u00e9s de un sistema de monitoreo, investigaciones, encuestas y otras herramientas metodol\u00f3gicas.<\/p>\n<p>Hacer click para ver los componentes del Programa.<br>\n<a href=\"|!|vcvUploadUrl|!|\/2019\/07\/Plan-Municipal-Conceptual-de-Manejo-Integral-de-Residuos-Panam\u00e1-Convenio-VIC-Barcelona.pdf\">Plan Municipal Conceptual de Manejo Integral de Residuos Panam\u00e1 Convenio VIC Barcelona<\/a><\/p>\n<p>\u00abPlan piloto\u00bb<br>\nEl programa Basura Cero 2015-2035 incluye un plan piloto en los corregimientos de Betania, Chilibre y Tocumen, cuyo objetivo es fomentar la cultura de reducci\u00f3n, reutilizaci\u00f3n y reciclaje de residuos en los barrios. La implementaci\u00f3n y crecimiento del plan piloto ha sido posible por el esfuerzo de la alianza p\u00fablico privada en la que participan la Alcald\u00eda de Panam\u00e1, la Autoridad de Aseo Urbano y Domiciliario (AAUD), Cervecer\u00eda Nacional S.A, la Asociaci\u00f3n Nacional para la Conservaci\u00f3n de la Naturaleza (ANCON) quienes firmaron un acuerdo en marzo del 2015 bajo el nombre Basura Cero \u2013 Cambia Tu Barrio. A esta alianza se uni\u00f3 la empresa p\u00fablica Aeropuerto Internacional de Tocumen S.A (AITSA) a finales del 2017 para apoyar las acciones del plan piloto en Tocumen. Tambi\u00e9n participa como importante aliado la Autoridad del Canal de Panam\u00e1 en las \u00e1reas de la cuenca hidrogr\u00e1fica del Canal de Chilibre. Las juntas comunales de los corregimientos por su parte han sido clave en la implementaci\u00f3n del plan piloto, as\u00ed como el Ministerio de Educaci\u00f3n y las universidades.<\/p>\n<p>El plan bas\u00f3 su primera estrategia en la recolecci\u00f3n de reciclables directamente en las casas cercanas a Camino Real en Betania con el apoyo de la Asociaci\u00f3n Betania para todas las Edades y con la participaci\u00f3n de recicladores de base, sin embargo, por razones de costos, la estrategia tuvo que cambiar. En su lugar fueron siendo ubicadas estaciones de reciclaje en puntos estrat\u00e9gicos y mediante socios que compartieran responsabilidades por el cuidado y buen uso de las mismas. Fue as\u00ed que en el 2016 fue colocada la primera de ellas en el Parque de Santa Eduvigis, la cual result\u00f3 un \u00e9xito por la gran cantidad de usuarios que utilizan el punto desde su instalaci\u00f3n. Desde ese momento fue creciendo el n\u00famero de estaciones tanto en Betania como en Chilibre.<\/p>\n<p>Como parte imprescindible el plan incluye acciones de sensibilizaci\u00f3n puerta a puerta, ferias comunitarias, monitoreo y orientaci\u00f3n \u201cin situ\u201d en las estaciones de reciclaje por parte de promotores ambientales, y un plan de educaci\u00f3n ambiental para el buen manejo de los residuos dirigido a las escuelas.<\/p>\n<p>El material que incluye latas, envases pl\u00e1sticos 1 y 2, Tetrapak, papel, peri\u00f3dico y cart\u00f3n, es recolectado por la Alcald\u00eda de Panam\u00e1 en cada estaci\u00f3n y llevado a centros de acopio manejados por fundaciones tales como ANCON en Altos de Curundu y por REMAR en Chilibre sirviendo tambi\u00e9n para fines sociales. En ellas laboran personal de bajos recursos y recicladores de base.<\/p>\n<p>En conclusi\u00f3n, el \u00e9xito del plan piloto se fundamenta en las siguientes condiciones:<\/p>\n<p>&#8211;&nbsp;&nbsp;&nbsp;&nbsp;&nbsp;&nbsp;&nbsp;&nbsp;&nbsp;&nbsp;&nbsp;&nbsp;&nbsp; Ubicaci\u00f3n planificada y consultada de las estaciones de reciclaje con co-responsabilidad de organizaciones de la comunidad.<\/p>\n<p>&#8211;&nbsp;&nbsp;&nbsp;&nbsp;&nbsp;&nbsp;&nbsp;&nbsp;&nbsp;&nbsp;&nbsp;&nbsp;&nbsp; Orientaci\u00f3n en las estaciones de reciclaje.<\/p>\n<p>&#8211;&nbsp;&nbsp;&nbsp;&nbsp;&nbsp;&nbsp;&nbsp;&nbsp;&nbsp;&nbsp;&nbsp;&nbsp;&nbsp; Sensibilizaci\u00f3n puerta a puerta<\/p>\n<p>&#8211;&nbsp;&nbsp;&nbsp;&nbsp;&nbsp;&nbsp;&nbsp;&nbsp;&nbsp;&nbsp;&nbsp;&nbsp;&nbsp; Educaci\u00f3n en las escuelas<\/p>\n<p>&#8211;&nbsp;&nbsp;&nbsp;&nbsp;&nbsp;&nbsp;&nbsp;&nbsp;&nbsp;&nbsp;&nbsp;&nbsp;&nbsp; Recolecci\u00f3n oportuna de los materiales<\/p>\n<p>&#8211;&nbsp;&nbsp;&nbsp;&nbsp;&nbsp;&nbsp;&nbsp;&nbsp;&nbsp;&nbsp;&nbsp;&nbsp;&nbsp; Centros de acopio manejados por fundaciones que reciben los materiales y que tienen fines sociales<\/p>\n<p>&#8211;&nbsp;&nbsp;&nbsp;&nbsp;&nbsp;&nbsp;&nbsp;&nbsp;&nbsp;&nbsp;&nbsp;&nbsp;&nbsp; Aliados tanto del sector p\u00fablico como del sector privado.<\/p>\n<p>&#8211;&nbsp;&nbsp;&nbsp;&nbsp;&nbsp;&nbsp;&nbsp;&nbsp;&nbsp;&nbsp;&nbsp;&nbsp;&nbsp; Involucramiento de las juntas comunales.<\/p>\n<p>&#8211;&nbsp;&nbsp;&nbsp;&nbsp;&nbsp;&nbsp;&nbsp;&nbsp;&nbsp;&nbsp;&nbsp;&nbsp;&nbsp; Participaci\u00f3n entusiasta y consciente de los vecinos<\/p>\n<p>Otra de las grandes \u00e1reas de trabajo en el plan piloto es la capacitaci\u00f3n sobre c\u00f3mo hacer compostaje ya que la mitad de los residuos que genera cada persona son org\u00e1nicos, principalmente residuos de alimentos y de la poda. Un centro de compostaje piloto ha sido desarrollado por la Alcald\u00eda con conjunto con el Instituto Paname\u00f1o de Habilitaci\u00f3n Especial en su plantel de la Escuela Vocacional Especializada (EVE) ubicada en El Dorado. En el mismo se composta residuos de alimentos del Mercado de Abastos y de poda para producir abono org\u00e1nico y cultivos en el EVE y en donde los estudiantes participan y aprenden un oficio beneficioso para s\u00ed y para el pa\u00eds. Este centro sirve tambi\u00e9n como demostrativo para grupos comunitarios y escolares, as\u00ed como a empresas que lo visitan.<\/p>\n<p>\u00abConcepto Basura Cero\u00bb<\/p>\n<p>El concepto <strong>basura cero<\/strong> es una filosof\u00eda de vida y un principio de modelo para el siglo XXI que maximiza el reciclaje, disminuye los desechos, reduce el consumo y garantiza que los productos sean fabricados para ser reutilizados, reparados o reciclados para volver a la naturaleza o al mercado.<\/p>\n<p>Los proyectos que se implementan bajo la filosof\u00eda Basura Cero son capaces de mejorar considerablemente las condiciones ambientales de las comunidades, aportan dividendos econ\u00f3micos a las sociedades y generan empleos para sus habitantes. Los programas <em>Basura Cero<\/em> incluyen las llamadas 3Rs (reducir, reutilizar y reciclar), as\u00ed como una jerarquizaci\u00f3n de acciones priorizadas espec\u00edficamente para reducir el volumen de residuos o basura generada. Adem\u00e1s, se basan en el concepto de la econom\u00eda circular y del ciclo de vida.<br>\n\u00abTri\u00e1ngulo de jerarquizaci\u00f3n\u00bb<\/p>\n<p>Las llamadas 3R\u2019s (Reduce, Reutiliza y Recicla)<br>\nReducir<\/p>\n<p>Es disminuir la cantidad de basura que generamos, redise\u00f1ando la fabricaci\u00f3n de productos y\/o cambiando los modelos de consumo o las formas de generaci\u00f3n de la sociedad. La reducci\u00f3n de la basura es el primer objetivo de la estrategia del manejo de los desechos.<\/p>\n<p>Reutilizar<br>\nEs usar un producto una y otra vez en su forma original. Uso botellas que se puedan volver a llenar.<\/p>\n<p>Regale los diarios, revistas y libros, una vez que termine de leerlos a otra persona o d\u00f3nelo a instituciones de caridad; tambi\u00e9n ropa y juguetes en buen estado.<br>\nPrefiere los productos con s\u00edmbolos de reciclaje.<\/p>\n<p>El reciclaje tiene varias ventajas<\/p>\n<ul>\n<li>Disminuye la cantidad de basura<\/li>\n<li>Ayuda a reducir la contaminaci\u00f3n ambiental<\/li>\n<li>Ahorra recursos<\/li>\n<li>Crea fuentes de empleo<\/li>\n<li>Fortalece y promueve un esp\u00edritu de solidaridad entre las personas<\/li>\n<li>Contribuye al desarrollo sostenible del ambiente.<\/li>\n<\/ul>\n<p>&nbsp;<\/p>\n<\/div><\/div><!-- \/vcwb\/dynamicElementComment:34dae6e5 --><\/div><\/div><\/div><!-- \/vcwb\/dynamicElementComment:c82c59ea --><\/div><\/div><\/div><!-- \/vcwb\/dynamicElementComment:77b7bad8 --><!-- vcwb\/dynamicElementComment:80e0e887 --><div class=\"vce-row-container\" data-vce-boxed-width=\"true\"><div class=\"vce-row vce-row--col-gap-30 vce-row-equal-height vce-row-content--top\" id=\"el-80e0e887\" data-vce-do-apply=\"all el-80e0e887\"><div class=\"vce-row-content\" data-vce-element-content=\"true\"><!-- vcwb\/dynamicElementComment:8699ad88 --><div class=\"vce-col vce-col--md-auto vce-col--xs-1 vce-col--xs-last vce-col--xs-first vce-col--sm-last vce-col--sm-first vce-col--md-last vce-col--lg-last vce-col--xl-last vce-col--md-first vce-col--lg-first vce-col--xl-first\" id=\"el-8699ad88\"><div class=\"vce-col-inner\" data-vce-do-apply=\"border margin background  el-8699ad88\"><div class=\"vce-col-content\" data-vce-element-content=\"true\" data-vce-do-apply=\"padding el-8699ad88\"><div class=\"vcv-row-control-wrapper\"><\/div><\/div><\/div><\/div><!-- \/vcwb\/dynamicElementComment:8699ad88 --><\/div><\/div><\/div><!-- \/vcwb\/dynamicElementComment:80e0e887 --><!--vcv no format-->","protected":false},"excerpt":{"rendered":"<p>\u00bfQu\u00e9 es el programa Basura Cero? El Programa Basura Cero 2015-2035 del Municipio de Panam\u00e1 tiene como objetivo general reducir la disposici\u00f3n de residuos a &hellip; <span class=\"ml-btn\"><a href=\"https:\/\/ambiente.mupa.gob.pa\/basuracero\/inicio\/\" class=\"more-link\">Read More<\/a><\/span><\/p>\n","protected":false},"author":12,"featured_media":0,"parent":0,"menu_order":0,"comment_status":"closed","ping_status":"closed","template":"","meta":{"footnotes":""},"class_list":["post-345","page","type-page","status-publish","hentry"],"_links":{"self":[{"href":"https:\/\/ambiente.mupa.gob.pa\/basuracero\/wp-json\/wp\/v2\/pages\/345","targetHints":{"allow":["GET"]}}],"collection":[{"href":"https:\/\/ambiente.mupa.gob.pa\/basuracero\/wp-json\/wp\/v2\/pages"}],"about":[{"href":"https:\/\/ambiente.mupa.gob.pa\/basuracero\/wp-json\/wp\/v2\/types\/page"}],"author":[{"embeddable":true,"href":"https:\/\/ambiente.mupa.gob.pa\/basuracero\/wp-json\/wp\/v2\/users\/12"}],"replies":[{"embeddable":true,"href":"https:\/\/ambiente.mupa.gob.pa\/basuracero\/wp-json\/wp\/v2\/comments?post=345"}],"version-history":[{"count":12,"href":"https:\/\/ambiente.mupa.gob.pa\/basuracero\/wp-json\/wp\/v2\/pages\/345\/revisions"}],"predecessor-version":[{"id":3508,"href":"https:\/\/ambiente.mupa.gob.pa\/basuracero\/wp-json\/wp\/v2\/pages\/345\/revisions\/3508"}],"wp:attachment":[{"href":"https:\/\/ambiente.mupa.gob.pa\/basuracero\/wp-json\/wp\/v2\/media?parent=345"}],"curies":[{"name":"wp","href":"https:\/\/api.w.org\/{rel}","templated":true}]}}