{"id":6,"date":"2018-01-16T10:10:14","date_gmt":"2018-01-16T15:10:14","guid":{"rendered":"https:\/\/ambiente.mupa.gob.pa\/basuracero\/?page_id=6"},"modified":"2018-03-21T21:08:02","modified_gmt":"2018-03-22T02:08:02","slug":"quienes-somos","status":"publish","type":"page","link":"https:\/\/ambiente.mupa.gob.pa\/basuracero\/","title":{"rendered":"C\u00f3mo surge"},"content":{"rendered":"<h2><strong>Antecedentes<\/strong><\/h2>\n<p>Entre los a\u00f1os 2009 y 2010 la Asociaci\u00f3n Nacional para la Conservaci\u00f3n de la Naturaleza en conjunto con la Alcald\u00eda de Panam\u00e1, el Movimiento Internacional Agua y Juventud y la Fundaci\u00f3n Avina, promovieron la Estrategia Basura Cero a trav\u00e9s de una serie de talleres multisectoriales. Estos talleres dieron como resultado una estrategia basada en el enfoque de minimizaci\u00f3n de la generaci\u00f3n de residuos, compuesta de cinco componentes: aspectos legales, emprendimiento, educaci\u00f3n y cultura, estrategia de comunicaci\u00f3n y log\u00edstica. En adici\u00f3n una primera versi\u00f3n de Ley Basura Cero fue esbozada. Es as\u00ed que fueron realizados tres talleres interinstitucionales de amplia participaci\u00f3n de organizaciones no gubernamentales, gremios, empresas y universidades.<\/p>\n<p>Basados en los referidos esfuerzos, y conociendo los avances de un gran n\u00famero de ciudades del mundo con respecto a la ejecuci\u00f3n de programas \u201cbasura cero\u201d nace la idea por parte de la Alcald\u00eda de Panam\u00e1 de retomar el trabajo y el enfoque para construir el Programa Basura Cero 2015-2035 para la ciudad de Panam\u00e1, bajo una metodolog\u00eda participativa. Es as\u00ed que fueron realizados tres talleres interinstitucionales con amplia participaci\u00f3n de organizaciones no gubernamentales, gremios, empresas, direcciones de la Alcald\u00eda y universidades. Numerosas reuniones t\u00e9cnicas tambi\u00e9n sirvieron para definir aspectos m\u00e1s espec\u00edficos como metas, indicadores y resultados esperados.<\/p>\n<h2><strong>Situaci\u00f3n actual<\/strong><\/h2>\n<p>Seg\u00fan datos recopilados por la AAUD referentes al a\u00f1o 2014, eran depositados anualmente 653,000 toneladas de residuos en el relleno de cerro Patac\u00f3n. Alrededor de 1,800 toneladas diarias proven\u00edan del distrito de Panam\u00e1. Sin embargo, las cifras encontradas en distintas publicaciones var\u00edan. \u201c(\u2026) <em>el Relleno Sanitario Cerro Patac\u00f3n\u00a0 recibe aproximadamente 2,000 tonelada\/d\u00eda, de los cuales 1,000 toneladas son de residuos s\u00f3lidos dom\u00e9sticos provenientes del distrito de Panam\u00e1, 50 toneladas son de limpieza de calles, parques y jardines, operativos de limpieza, residuos voluminosos, y otros residuos tambi\u00e9n del Distrito de Panam\u00e1, 350 toneladas provienen del Distrito de San Miguelito y 500 toneladas de: la recolecci\u00f3n y transporte de empresas privadas, de recepci\u00f3n de lodos de diferentes procedencias, de recepci\u00f3n de neum\u00e1ticos y residuos hospitalarios <\/em>(BID, Arellano, 2014)<em>. <\/em>El \u00faltimo diagn\u00f3stico realizado por la AAUD (2017), indic\u00f3 que el relleno de Cerro Patac\u00f3n recibe diariamente 1,850 toneladas de residuos, o 675,150 toneladas al a\u00f1o, estimando una disposici\u00f3n promedio per c\u00e1pita de 1.2 kg\/habitante\/d\u00eda.<\/p>\n<p>Al mismo tiempo, las tendencias en cuanto a la generaci\u00f3n de los residuos en la ciudad de Panam\u00e1 son preocupantes. El Informe Ambiental, 2014, indica que, seg\u00fan datos suministrados por la AAUD en el 2013<em>, la producci\u00f3n de residuos en el \u00e1rea metropolitana creci\u00f3 un 40% con relaci\u00f3n al per\u00edodo 2004-2009). <\/em>La generaci\u00f3n de residuos en la ciudad de Panam\u00e1 era, seg\u00fan el estudio del BID (2010) de 1.6 kg\/habitante\/d\u00eda incluyendo a San Miguelito, siendo el promedio nacional de 1.22 kg\/hab\/d\u00eda. Esta cantidad de residuos generados per c\u00e1pita en el pa\u00eds colocaba a Panam\u00e1 como uno de los mayores generadores por habitante de la regi\u00f3n (BID 2010), seg\u00fan lo muestran las Gr\u00e1ficas 1 y 2.<\/p>\n<figure id=\"attachment_369\" aria-describedby=\"caption-attachment-369\" style=\"width: 750px\" class=\"wp-caption aligncenter\"><img loading=\"lazy\" decoding=\"async\" class=\"wp-image-369 size-large_image\" src=\"https:\/\/ambiente.mupa.gob.pa\/basuracero\/wp-content\/uploads\/2018\/01\/situacion-actual-750x415.jpg\" alt=\"\" width=\"750\" height=\"415\" srcset=\"https:\/\/ambiente.mupa.gob.pa\/basuracero\/wp-content\/uploads\/2018\/01\/situacion-actual-750x415.jpg 750w, https:\/\/ambiente.mupa.gob.pa\/basuracero\/wp-content\/uploads\/2018\/01\/situacion-actual-300x166.jpg 300w, https:\/\/ambiente.mupa.gob.pa\/basuracero\/wp-content\/uploads\/2018\/01\/situacion-actual-768x425.jpg 768w, https:\/\/ambiente.mupa.gob.pa\/basuracero\/wp-content\/uploads\/2018\/01\/situacion-actual-400x221.jpg 400w, https:\/\/ambiente.mupa.gob.pa\/basuracero\/wp-content\/uploads\/2018\/01\/situacion-actual-250x138.jpg 250w, https:\/\/ambiente.mupa.gob.pa\/basuracero\/wp-content\/uploads\/2018\/01\/situacion-actual.jpg 974w\" sizes=\"auto, (max-width: 750px) 100vw, 750px\" \/><figcaption id=\"caption-attachment-369\" class=\"wp-caption-text\"><strong>Gr\u00e1fico 1:<\/strong> Generaci\u00f3n de residuos urbanos o municipales en pa\u00edses de la regi\u00f3n de Latinoam\u00e9rica y Caribe.<br \/> <strong>Fuente:<\/strong> Software &#8211; Evaluaci\u00f3n Regional del Manejo de Residuos S\u00f3lidos Urbanos en Latinoam\u00e9rica y el Caribe (LAC), BID, OPS, AIDIS (2010).<\/figcaption><\/figure>\n<figure id=\"attachment_368\" aria-describedby=\"caption-attachment-368\" style=\"width: 750px\" class=\"wp-caption aligncenter\"><img loading=\"lazy\" decoding=\"async\" class=\"wp-image-368 size-large_image\" src=\"https:\/\/ambiente.mupa.gob.pa\/basuracero\/wp-content\/uploads\/2018\/01\/grafica-2-pagina-como-surge-750x457.jpg\" alt=\"\" width=\"750\" height=\"457\" srcset=\"https:\/\/ambiente.mupa.gob.pa\/basuracero\/wp-content\/uploads\/2018\/01\/grafica-2-pagina-como-surge-750x457.jpg 750w, https:\/\/ambiente.mupa.gob.pa\/basuracero\/wp-content\/uploads\/2018\/01\/grafica-2-pagina-como-surge-300x183.jpg 300w, https:\/\/ambiente.mupa.gob.pa\/basuracero\/wp-content\/uploads\/2018\/01\/grafica-2-pagina-como-surge-768x468.jpg 768w, https:\/\/ambiente.mupa.gob.pa\/basuracero\/wp-content\/uploads\/2018\/01\/grafica-2-pagina-como-surge-400x244.jpg 400w, https:\/\/ambiente.mupa.gob.pa\/basuracero\/wp-content\/uploads\/2018\/01\/grafica-2-pagina-como-surge-250x152.jpg 250w, https:\/\/ambiente.mupa.gob.pa\/basuracero\/wp-content\/uploads\/2018\/01\/grafica-2-pagina-como-surge.jpg 979w\" sizes=\"auto, (max-width: 750px) 100vw, 750px\" \/><figcaption id=\"caption-attachment-368\" class=\"wp-caption-text\"><strong>Gr\u00e1fico 2:<\/strong> Generaci\u00f3n de residuos urbanos o municipales en ciudades grandes de la regi\u00f3n.<br \/> <strong>Fuente:<\/strong> Software &#8211; Evaluaci\u00f3n Regional del Manejo de Residuos S\u00f3lidos Urbanos Latinoam\u00e9rica y el Caribe. BID, OPS, AIDIS (2010).<\/figcaption><\/figure>\n<figure id=\"attachment_370\" aria-describedby=\"caption-attachment-370\" style=\"width: 400px\" class=\"wp-caption alignright\"><img loading=\"lazy\" decoding=\"async\" class=\"wp-image-370 size-medium_image\" src=\"https:\/\/ambiente.mupa.gob.pa\/basuracero\/wp-content\/uploads\/2018\/01\/figura-1-400x273.jpg\" alt=\"\" width=\"400\" height=\"273\" srcset=\"https:\/\/ambiente.mupa.gob.pa\/basuracero\/wp-content\/uploads\/2018\/01\/figura-1-400x273.jpg 400w, https:\/\/ambiente.mupa.gob.pa\/basuracero\/wp-content\/uploads\/2018\/01\/figura-1-300x205.jpg 300w, https:\/\/ambiente.mupa.gob.pa\/basuracero\/wp-content\/uploads\/2018\/01\/figura-1-250x171.jpg 250w, https:\/\/ambiente.mupa.gob.pa\/basuracero\/wp-content\/uploads\/2018\/01\/figura-1.jpg 674w\" sizes=\"auto, (max-width: 400px) 100vw, 400px\" \/><figcaption id=\"caption-attachment-370\" class=\"wp-caption-text\"><strong>Figura 1:<\/strong> Composici\u00f3n porcentual de residuos generados en el distrito de Panam\u00e1 de acuerdo al Estudio de JICA, 2003.<\/figcaption><\/figure>\n<p>&nbsp;<\/p>\n<p>&nbsp;<\/p>\n<p>Los residuos generados en la municipalidad de Panam\u00e1 estaban compuestos, seg\u00fan estudio de la composici\u00f3n en origen (JICA y Alcald\u00eda de Panam\u00e1 2003) en un 25% de papel y cart\u00f3n, 17% de pl\u00e1sticos, 6% de vidrio, 4% de metales, 46% de desechos alimenticios, y 2% de desechos de jard\u00edn y otros, seg\u00fan muestra la Figura 1.<\/p>\n<p>&nbsp;<\/p>\n<p>&nbsp;<\/p>\n<p>&nbsp;<\/p>\n<p>Actualmente y seg\u00fan el diagn\u00f3stico realizado por la AAUD (2017), la composici\u00f3n en la disposici\u00f3n final de procedencia domiciliaria es la que muestra la Figura 2, y la composici\u00f3n de la disposici\u00f3n final originados por la actividad econ\u00f3mica la muestra la Figura 3. Este \u00faltimo diagn\u00f3stico no es comparable con el realizado por JICA y Alcald\u00eda de Panam\u00e1, en el 2003.<\/p>\n<figure id=\"attachment_371\" aria-describedby=\"caption-attachment-371\" style=\"width: 720px\" class=\"wp-caption aligncenter\"><img loading=\"lazy\" decoding=\"async\" class=\"wp-image-371 size-full\" src=\"https:\/\/ambiente.mupa.gob.pa\/basuracero\/wp-content\/uploads\/2018\/01\/grafica-aaud-1.jpg\" alt=\"\" width=\"720\" height=\"555\" srcset=\"https:\/\/ambiente.mupa.gob.pa\/basuracero\/wp-content\/uploads\/2018\/01\/grafica-aaud-1.jpg 720w, https:\/\/ambiente.mupa.gob.pa\/basuracero\/wp-content\/uploads\/2018\/01\/grafica-aaud-1-300x231.jpg 300w, https:\/\/ambiente.mupa.gob.pa\/basuracero\/wp-content\/uploads\/2018\/01\/grafica-aaud-1-400x308.jpg 400w, https:\/\/ambiente.mupa.gob.pa\/basuracero\/wp-content\/uploads\/2018\/01\/grafica-aaud-1-250x193.jpg 250w\" sizes=\"auto, (max-width: 720px) 100vw, 720px\" \/><figcaption id=\"caption-attachment-371\" class=\"wp-caption-text\"><strong>Figura 2:<\/strong> Composici\u00f3n de los residuos en el Relleno de Cerro Patac\u00f3n de procedencia domiciliar, AAUD 2017.<\/figcaption><\/figure>\n<figure id=\"attachment_372\" aria-describedby=\"caption-attachment-372\" style=\"width: 773px\" class=\"wp-caption aligncenter\"><img loading=\"lazy\" decoding=\"async\" class=\"wp-image-372 size-full\" src=\"https:\/\/ambiente.mupa.gob.pa\/basuracero\/wp-content\/uploads\/2018\/01\/grafica-aaud-2.jpg\" alt=\"\" width=\"773\" height=\"574\" srcset=\"https:\/\/ambiente.mupa.gob.pa\/basuracero\/wp-content\/uploads\/2018\/01\/grafica-aaud-2.jpg 773w, https:\/\/ambiente.mupa.gob.pa\/basuracero\/wp-content\/uploads\/2018\/01\/grafica-aaud-2-300x223.jpg 300w, https:\/\/ambiente.mupa.gob.pa\/basuracero\/wp-content\/uploads\/2018\/01\/grafica-aaud-2-768x570.jpg 768w, https:\/\/ambiente.mupa.gob.pa\/basuracero\/wp-content\/uploads\/2018\/01\/grafica-aaud-2-750x557.jpg 750w, https:\/\/ambiente.mupa.gob.pa\/basuracero\/wp-content\/uploads\/2018\/01\/grafica-aaud-2-400x297.jpg 400w, https:\/\/ambiente.mupa.gob.pa\/basuracero\/wp-content\/uploads\/2018\/01\/grafica-aaud-2-250x186.jpg 250w\" sizes=\"auto, (max-width: 773px) 100vw, 773px\" \/><figcaption id=\"caption-attachment-372\" class=\"wp-caption-text\"><strong>Figura 3:<\/strong> Composici\u00f3n de los residuos en el Relleno de Cerro Patac\u00f3n originados por la actividad econ\u00f3mica, AAUD 2017.<\/figcaption><\/figure>\n<p>En cuanto al volumen de materiales reciclados o acopiados para fines de reciclaje en Panam\u00e1, y basados en el documento de indicadores recopilados por el Municipio de Panam\u00e1 bajo la Iniciativa de Ciudades Emergentes y Sostenibles, al a\u00f1o 2015 no hab\u00eda ninguna instancia que en ese momento estuviera consolidando y recabando la informaci\u00f3n. Lo que se acopia o se recicla localmente, y fuera del relleno sanitario ubicado en Cerro Patac\u00f3n, no se registraba oficialmente, ya que no existe una obligatoriedad de registro local. Por otro lado, ese mismo estudio se\u00f1alaba que la cobertura de la recolecci\u00f3n en el \u00e1rea metropolitana era de 87%.<\/p>\n<h2><strong>Acuerdo Municipal<\/strong><\/h2>\n<p>El acuerdo municipal 124 del 1\u00ba de septiembre del 2015 por el cual se adopta la Pol\u00edtica Municipal de Gesti\u00f3n Integral de Residuos S\u00f3lidos y el Programa Basura Cero 2015-2035 fue aprobado de forma un\u00e1nime por el Consejo Municipal.<\/p>\n<figure id=\"attachment_373\" aria-describedby=\"caption-attachment-373\" style=\"width: 400px\" class=\"wp-caption aligncenter\"><img loading=\"lazy\" decoding=\"async\" class=\"wp-image-373 size-medium_image\" src=\"https:\/\/ambiente.mupa.gob.pa\/basuracero\/wp-content\/uploads\/2018\/01\/firma-acuerdo-municipal-400x249.jpg\" alt=\"\" width=\"400\" height=\"249\" srcset=\"https:\/\/ambiente.mupa.gob.pa\/basuracero\/wp-content\/uploads\/2018\/01\/firma-acuerdo-municipal-400x249.jpg 400w, https:\/\/ambiente.mupa.gob.pa\/basuracero\/wp-content\/uploads\/2018\/01\/firma-acuerdo-municipal-300x187.jpg 300w, https:\/\/ambiente.mupa.gob.pa\/basuracero\/wp-content\/uploads\/2018\/01\/firma-acuerdo-municipal-768x479.jpg 768w, https:\/\/ambiente.mupa.gob.pa\/basuracero\/wp-content\/uploads\/2018\/01\/firma-acuerdo-municipal-750x468.jpg 750w, https:\/\/ambiente.mupa.gob.pa\/basuracero\/wp-content\/uploads\/2018\/01\/firma-acuerdo-municipal-250x156.jpg 250w, https:\/\/ambiente.mupa.gob.pa\/basuracero\/wp-content\/uploads\/2018\/01\/firma-acuerdo-municipal.jpg 874w\" sizes=\"auto, (max-width: 400px) 100vw, 400px\" \/><figcaption id=\"caption-attachment-373\" class=\"wp-caption-text\"><strong>Foto:<\/strong> Firma de acuerdo municipal que adopta la pol\u00edtica y Programa Basura Cero 2015-2035.<\/figcaption><\/figure>\n<p>Ver\u00a0<a href=\"https:\/\/ambiente.mupa.gob.pa\/basuracero\/wp-content\/uploads\/2018\/03\/Acuerdo-municipal-124.pdf\" target=\"_blank\" rel=\"noopener\">Acuerdo Municipal No.124 del 1 de septiembre de 2015<\/a>.<\/p>\n","protected":false},"excerpt":{"rendered":"<p>Antecedentes Entre los a\u00f1os 2009 y 2010 la Asociaci\u00f3n Nacional para la Conservaci\u00f3n de la Naturaleza en conjunto con la Alcald\u00eda de Panam\u00e1, el Movimiento &hellip; <span class=\"ml-btn\"><a href=\"https:\/\/ambiente.mupa.gob.pa\/basuracero\/\" class=\"more-link\">Read More<\/a><\/span><\/p>\n","protected":false},"author":12,"featured_media":0,"parent":0,"menu_order":1,"comment_status":"closed","ping_status":"closed","template":"","meta":{"footnotes":""},"class_list":["post-6","page","type-page","status-publish","hentry"],"_links":{"self":[{"href":"https:\/\/ambiente.mupa.gob.pa\/basuracero\/wp-json\/wp\/v2\/pages\/6","targetHints":{"allow":["GET"]}}],"collection":[{"href":"https:\/\/ambiente.mupa.gob.pa\/basuracero\/wp-json\/wp\/v2\/pages"}],"about":[{"href":"https:\/\/ambiente.mupa.gob.pa\/basuracero\/wp-json\/wp\/v2\/types\/page"}],"author":[{"embeddable":true,"href":"https:\/\/ambiente.mupa.gob.pa\/basuracero\/wp-json\/wp\/v2\/users\/12"}],"replies":[{"embeddable":true,"href":"https:\/\/ambiente.mupa.gob.pa\/basuracero\/wp-json\/wp\/v2\/comments?post=6"}],"version-history":[{"count":1,"href":"https:\/\/ambiente.mupa.gob.pa\/basuracero\/wp-json\/wp\/v2\/pages\/6\/revisions"}],"predecessor-version":[{"id":2714,"href":"https:\/\/ambiente.mupa.gob.pa\/basuracero\/wp-json\/wp\/v2\/pages\/6\/revisions\/2714"}],"wp:attachment":[{"href":"https:\/\/ambiente.mupa.gob.pa\/basuracero\/wp-json\/wp\/v2\/media?parent=6"}],"curies":[{"name":"wp","href":"https:\/\/api.w.org\/{rel}","templated":true}]}}